{"id":1014,"date":"2023-07-03T09:16:53","date_gmt":"2023-07-03T06:16:53","guid":{"rendered":"https:\/\/aurinkoasot.fi\/vanliga-fragor\/"},"modified":"2023-08-31T14:19:55","modified_gmt":"2023-08-31T11:19:55","slug":"vanliga-fragor","status":"publish","type":"page","link":"https:\/\/aurinkoasot.fi\/sv\/vanliga-fragor\/","title":{"rendered":"Vanliga fr\u00e5gor"},"content":{"rendered":"<p>[et_pb_section fb_built=&#8221;1&#8243; module_class=&#8221;ylaboxi&#8221; _builder_version=&#8221;4.21.2&#8243; _module_preset=&#8221;default&#8221; background_image=&#8221;https:\/\/aurinkoasot.fi\/wp-content\/uploads\/aurinkoasot-ukk.jpg&#8221; custom_padding=&#8221;||47px|||&#8221; global_colors_info=&#8221;{}&#8221;][et_pb_row _builder_version=&#8221;4.21.0&#8243; _module_preset=&#8221;default&#8221; global_colors_info=&#8221;{}&#8221;][et_pb_column type=&#8221;4_4&#8243; _builder_version=&#8221;4.21.0&#8243; _module_preset=&#8221;default&#8221; global_colors_info=&#8221;{}&#8221;][et_pb_text _builder_version=&#8221;4.21.0&#8243; _module_preset=&#8221;default&#8221; global_colors_info=&#8221;{}&#8221;]<\/p>\n<p>Vanliga fr\u00e5gor<\/p>\n<p>[\/et_pb_text][\/et_pb_column][\/et_pb_row][\/et_pb_section][et_pb_section fb_built=&#8221;1&#8243; _builder_version=&#8221;4.21.0&#8243; _module_preset=&#8221;default&#8221; global_colors_info=&#8221;{}&#8221;][et_pb_row _builder_version=&#8221;4.21.0&#8243; _module_preset=&#8221;default&#8221; global_colors_info=&#8221;{}&#8221;][et_pb_column type=&#8221;4_4&#8243; _builder_version=&#8221;4.21.0&#8243; _module_preset=&#8221;default&#8221; global_colors_info=&#8221;{}&#8221;][et_pb_accordion _builder_version=&#8221;4.22.1&#8243; _module_preset=&#8221;default&#8221; hover_enabled=&#8221;0&#8243; global_colors_info=&#8221;{}&#8221; sticky_enabled=&#8221;0&#8243;][et_pb_accordion_item title=&#8221;Vem kan ans\u00f6ka om en bostadsr\u00e4tt?&#8221; open=&#8221;on&#8221; _builder_version=&#8221;4.22.1&#8243; _module_preset=&#8221;default&#8221; hover_enabled=&#8221;0&#8243; global_colors_info=&#8221;{}&#8221; sticky_enabled=&#8221;0&#8243;]Personer som har fyllt 18 \u00e5r och som inte \u00e4ger en bostad i det omr\u00e5de de s\u00f6ker, eller som inte har tillr\u00e4ckligt med medel f\u00f6r att k\u00f6pa en bostad, kan ans\u00f6ka om en bostadsr\u00e4tt.[\/et_pb_accordion_item][et_pb_accordion_item title=&#8221;Hur ans\u00f6ker jag om en bostadsr\u00e4tt?&#8221; _builder_version=&#8221;4.22.1&#8243; _module_preset=&#8221;default&#8221; hover_enabled=&#8221;0&#8243; global_colors_info=&#8221;{}&#8221; open=&#8221;off&#8221; sticky_enabled=&#8221;0&#8243;]<\/p>\n<p>Ans\u00f6k om en ordningsnummer fr\u00e5n ARA. Kommunerna utf\u00e4rdar inte l\u00e4ngre nya nummer. Om du redan har ett nummer utf\u00e4rdat av kommunen kan du anv\u00e4nda det till slutet av \u00e5ret. Med ett nummer utf\u00e4rdat av kommunen kan du bara s\u00f6ka en bostad i den kommunen. Med ett nummer utf\u00e4rdat av ARA kan du s\u00f6ka en bostad i hela Finland. N\u00e4r du har ett nummer utf\u00e4rdat av kommunen eller ARA, skicka in din ans\u00f6kan till Aurinko Aso via v\u00e5r <a href=\"https:\/\/aurinkoasot.fi\/sv\/ordningsnummer-till-bostadsratt\/\">webbplats<\/a>.     <\/p>\n<p>[\/et_pb_accordion_item][et_pb_accordion_item title=&#8221;Ans\u00f6kan om ordningsnummer&#8221; _builder_version=&#8221;4.22.1&#8243; _module_preset=&#8221;default&#8221; hover_enabled=&#8221;0&#8243; global_colors_info=&#8221;{}&#8221; open=&#8221;off&#8221; sticky_enabled=&#8221;0&#8243;]<\/p>\n<p>A) Ans\u00f6k online om ARAs ordningsnummer.<br \/>Ans\u00f6k om ett nummer fr\u00e5n ARAs ordningsnummerservice, tillg\u00e4nglig fr\u00e5n 1.9.2023.<\/p>\n<ol>\n<li>Logga in p\u00e5 tj\u00e4nsten med t.ex. dina bankkoder.<\/li>\n<li>Fyll i ans\u00f6kningsformul\u00e4ret.<\/li>\n<li>Betala f\u00f6r numret (9,20 euro) online.<\/li>\n<\/ol>\n<p>N\u00e4r du har f\u00e5tt ditt nummer kan du skicka in din bostadsans\u00f6kan. Du kan s\u00f6ka <br \/>fr\u00e5n vilken stad som helst. Ordningsnumret \u00e4r tempor\u00e4rt och giltigt i tv\u00e5 <br \/>\u00e5r. En s\u00f6kande kan bara ha ett giltigt ARA-ordningsnummer i taget. <\/p>\n<p>B) Ans\u00f6kan om ARAs ordningsnummer med pappersformul\u00e4r<\/p>\n<p>Fr\u00e5n och med 1.9.2023 kan du \u00e4ven ans\u00f6ka om ordningsnummer fr\u00e5n ARA med pappersans\u00f6kan.<\/p>\n<ol>\n<li>Skriv ut formul\u00e4ret fr\u00e5n ARAs webbplats eller h\u00e4mta det fr\u00e5n de statliga, kommunala och bostadsr\u00e4ttsorganisationernas tj\u00e4nstecentra.<\/li>\n<li>Skicka in ans\u00f6kan och betalningskvittot f\u00f6r ans\u00f6kan per post till ARA.<\/li>\n<li>Efter att din ans\u00f6kan har behandlats skickar ARA ditt ordningsnummer med posten.<\/li>\n<\/ol>\n<p>Efter att du har f\u00e5tt ditt nummer, skicka in din bostadsans\u00f6kan.<\/p>\n<p>[\/et_pb_accordion_item][et_pb_accordion_item title=&#8221;Hur p\u00e5verkar f\u00f6rm\u00f6genhet eller inkomst?&#8221; _builder_version=&#8221;4.22.1&#8243; _module_preset=&#8221;default&#8221; hover_enabled=&#8221;0&#8243; global_colors_info=&#8221;{}&#8221; open=&#8221;off&#8221; sticky_enabled=&#8221;0&#8243;]F\u00f6r att f\u00e5 en bostadsr\u00e4tt b\u00f6r du inte ha tillr\u00e4ckligt med medel f\u00f6r att finansiera \u00e5tminstone h\u00e4lften av marknadsv\u00e4rdet p\u00e5 den bostad du ans\u00f6ker om. F\u00f6r att best\u00e4mma marknadsv\u00e4rdet anv\u00e4nds siffror publicerade av Statistiska centralbyr\u00e5n om f\u00f6rs\u00e4ljningspriser p\u00e5 gamla bostadsaktier i olika st\u00e4der. F\u00f6r personer \u00f6ver 55 finns det inga f\u00f6rm\u00f6genhetsbegr\u00e4nsningar.[\/et_pb_accordion_item][et_pb_accordion_item title=&#8221;\u00c4r boende i bostadsr\u00e4tt billigare \u00e4n att hyra?&#8221; _builder_version=&#8221;4.22.1&#8243; _module_preset=&#8221;default&#8221; hover_enabled=&#8221;0&#8243; global_colors_info=&#8221;{}&#8221; open=&#8221;off&#8221; sticky_enabled=&#8221;0&#8243;]En bostadsr\u00e4ttshavare betalar m\u00e5natligen en avgift baserad p\u00e5 sj\u00e4lvkostnadsprincipen, vilket inneb\u00e4r att avgifterna kan t\u00e4cka \u00e4garens utgifter relaterade till byggande, ink\u00f6p eller grundf\u00f6rb\u00e4ttring av bost\u00e4der, underh\u00e5ll eller sk\u00f6tsel, f\u00f6rberedelser f\u00f6r grundf\u00f6rb\u00e4ttringar, administration av bostadsr\u00e4ttsbyggnader eller andra liknande godk\u00e4nda sk\u00e4l. F\u00f6rutom sj\u00e4lvkostnadsprincipen kan avgiftens storlek j\u00e4mf\u00f6ras med en j\u00e4mf\u00f6relsehyra. Avgiften f\u00e5r inte \u00f6verstiga den allm\u00e4nt beg\u00e4rda hyran f\u00f6r bost\u00e4der av motsvarande anv\u00e4ndningsv\u00e4rde i staden. Kvalitetsstandarden som kr\u00e4vs f\u00f6r bostadsr\u00e4ttsbost\u00e4der \u00e4r ofta n\u00e5got h\u00f6gre \u00e4n f\u00f6r aravahyresbost\u00e4der, medan statligt st\u00f6d f\u00f6r bostadsr\u00e4ttsbost\u00e4der \u00e4r l\u00e4gre \u00e4n f\u00f6r hyresbost\u00e4der. J\u00e4mf\u00f6relsehyran och sj\u00e4lvkostnadsprincipen tillsammans bildar grunden f\u00f6r hur boendekostnaderna best\u00e4ms i bostadsr\u00e4ttssystemet.[\/et_pb_accordion_item][et_pb_accordion_item title=&#8221;Kan en bostadsr\u00e4ttshavare s\u00e4gas upp?&#8221; _builder_version=&#8221;4.22.1&#8243; _module_preset=&#8221;default&#8221; hover_enabled=&#8221;0&#8243; global_colors_info=&#8221;{}&#8221; open=&#8221;off&#8221; sticky_enabled=&#8221;0&#8243;]En bostadsr\u00e4ttsavtal \u00e4r i princip livsl\u00e5ngt. Husets \u00e4gare kan inte s\u00e4ga upp bostadsr\u00e4ttsavtalet. Upps\u00e4gning av bostadsr\u00e4ttsavtalet \u00e4r bara m\u00f6jligt i undantagsfall. Om bostadsr\u00e4ttshavaren f\u00f6rsummar t.ex. att betala avgiften, \u00f6verl\u00e5ter bostadsr\u00e4tten olagligt eller lever st\u00f6rande kan det ge hus\u00e4garen en grund f\u00f6r att avsluta avtalet. Bostadsr\u00e4tten kan \u00e4rvas.[\/et_pb_accordion_item][et_pb_accordion_item title=&#8221;Kan man byta till en annan bostad inom bostadsr\u00e4ttsf\u00f6reningen?&#8221; _builder_version=&#8221;4.22.1&#8243; _module_preset=&#8221;default&#8221; hover_enabled=&#8221;0&#8243; global_colors_info=&#8221;{}&#8221; open=&#8221;off&#8221; sticky_enabled=&#8221;0&#8243;]Inb\u00f6rdes byten av bostadsr\u00e4tter \u00e4r m\u00f6jliga utan ordningsnummer. F\u00f6r andra byten av bostadsr\u00e4tter beh\u00f6vs dock ett ordningsnummer. Inom ett bostadsr\u00e4ttsprojekt kan du byta bostadsr\u00e4tt utan ett ordningsnummer. Vid byte av bostadsr\u00e4tter kontrolleras inte l\u00e4ngre bytespersonens f\u00f6rm\u00f6genhet.[\/et_pb_accordion_item][et_pb_accordion_item title=&#8221;Kan bostaden hyras ut?&#8221; _builder_version=&#8221;4.22.1&#8243; _module_preset=&#8221;default&#8221; hover_enabled=&#8221;0&#8243; global_colors_info=&#8221;{}&#8221; open=&#8221;off&#8221; sticky_enabled=&#8221;0&#8243;]En bostadsr\u00e4ttshavare kan hyra ut l\u00e4genheten som de har i sitt f\u00f6rvar f\u00f6r en begr\u00e4nsad tid till en utomst\u00e5ende person i situationer d\u00e4r innehavaren sj\u00e4lv bor i en annan kommun p\u00e5 grund av arbete, skola eller liknande orsak. Innan \u00f6verl\u00e4mnandet av f\u00f6rvaltningen m\u00e5ste bostadsr\u00e4ttshavaren skriftligen meddela f\u00f6reningen om detta. Den l\u00e4ngsta m\u00f6jliga uthyrningstiden \u00e4r tv\u00e5 \u00e5r.[\/et_pb_accordion_item][et_pb_accordion_item title=&#8221;F\u00e5r jag renovera l\u00e4genheten sj\u00e4lv?&#8221; _builder_version=&#8221;4.22.1&#8243; _module_preset=&#8221;default&#8221; hover_enabled=&#8221;0&#8243; global_colors_info=&#8221;{}&#8221; open=&#8221;off&#8221; sticky_enabled=&#8221;0&#8243;]Om du planerar \u00e4ndringar eller renoveringar i l\u00e4genheten, kontakta i f\u00f6rv\u00e4g och ta reda p\u00e5 om det handlar om en grundl\u00e4ggande f\u00f6rb\u00e4ttring (som kan kompenseras) eller en renovering som bekostas helt av dig. B\u00f6rja inte arbetet innan du f\u00e5tt godk\u00e4nnande. Kompensation f\u00f6r grundl\u00e4ggande f\u00f6rb\u00e4ttringar \u00f6verenskommes i f\u00f6rv\u00e4g. F\u00f6reningen kan ocks\u00e5 st\u00e4lla villkor f\u00f6r materialval och det kan ocks\u00e5 vara ett renoveringsarbete som beh\u00f6ver \u00f6vervakning. I vissa fall kan \u00e4ndringar helt f\u00f6rbjudas eller det kan st\u00e4llas krav p\u00e5 \u00e5terst\u00e4llning. Tillst\u00e5nd f\u00f6r \u00e4ndringsarbetet s\u00f6ks elektroniskt via f\u00f6rvaltningskontoret.[\/et_pb_accordion_item][et_pb_accordion_item title=&#8221;Kan jag ha ett husdjur i l\u00e4genheten?&#8221; _builder_version=&#8221;4.22.1&#8243; _module_preset=&#8221;default&#8221; hover_enabled=&#8221;0&#8243; global_colors_info=&#8221;{}&#8221; open=&#8221;off&#8221; sticky_enabled=&#8221;0&#8243;]<\/p>\n<p>Ja, det kan du. Du ansvarar dock f\u00f6r eventuella skador som ditt husdjur kan orsaka. <\/p>\n<p>[\/et_pb_accordion_item][et_pb_accordion_item title=&#8221;Vilka saker p\u00e5verkar en avgiftsh\u00f6jning?&#8221; _builder_version=&#8221;4.22.1&#8243; _module_preset=&#8221;default&#8221; hover_enabled=&#8221;0&#8243; global_colors_info=&#8221;{}&#8221; open=&#8221;off&#8221; sticky_enabled=&#8221;0&#8243;]<\/p>\n<p>Avgifterna baseras p\u00e5 sj\u00e4lvkostnadsprincipen, vilket inneb\u00e4r att n\u00e4r f\u00f6reningens ekonomi sk\u00f6ts v\u00e4l och kostnaderna h\u00e5lls s\u00e5 l\u00e5ga som m\u00f6jligt, s\u00e5 \u00e5terspeglas detta i avgifterna. En bostadsr\u00e4ttsinnehavare kan p\u00e5verka avgifterna genom att vara sj\u00e4lvg\u00e5ende och ta hand om fastighetens sk\u00f6tsel tillsammans med andra boende. Avgifterna beslutas vid f\u00f6reningens \u00e5rliga ordinarie m\u00f6te, ett m\u00f6te d\u00e4r varje bostadsr\u00e4ttsinnehavare \u00e4r v\u00e4lkommen att delta.  <\/p>\n<p>[\/et_pb_accordion_item][et_pb_accordion_item title=&#8221;Jag ska flytta ut, hur g\u00e5r det till och n\u00e4r \u00e5terbetalas bostadsr\u00e4ttsavgiften till mitt konto?&#8221; _builder_version=&#8221;4.22.1&#8243; _module_preset=&#8221;default&#8221; hover_enabled=&#8221;0&#8243; global_colors_info=&#8221;{}&#8221; open=&#8221;off&#8221; sticky_enabled=&#8221;0&#8243;]Om hus\u00e4garen inte inom tre m\u00e5nader efter avs\u00e4gelsen har pekat ut en ny bostadsr\u00e4ttsinnehavare, \u00e4r den skyldig att l\u00f6sa in bostadsr\u00e4tten. Bostadsr\u00e4ttsavgiften \u00e5terbetalas till hyresg\u00e4sten justerad enligt byggkostnadsindexets f\u00f6r\u00e4ndring inom tre m\u00e5nader. Dessutom kan en rimlig ers\u00e4ttning f\u00f6r f\u00f6rb\u00e4ttringar som hyresg\u00e4sten gjort och som har avtalats i f\u00f6rv\u00e4g beaktas vid \u00e5terbetalningen.[\/et_pb_accordion_item][et_pb_accordion_item title=&#8221; Om jag har en fr\u00e5ga och inte hittar svaret p\u00e5 den h\u00e4r listan, vart kan jag v\u00e4nda mig?&#8221; _builder_version=&#8221;4.22.1&#8243; _module_preset=&#8221;default&#8221; hover_enabled=&#8221;0&#8243; global_colors_info=&#8221;{}&#8221; open=&#8221;off&#8221; sticky_enabled=&#8221;0&#8243;]<\/p>\n<p>Du kan kontakta antingen f\u00f6rvaltaren eller f\u00f6reningen. Se avsnittet <a href=\"https:\/\/aurinkoasot.fi\/sv\/kontaktinformation\/\">kontaktuppgifter<\/a>.   R\u00e5d och v\u00e4gledning kan ocks\u00e5 erh\u00e5llas fr\u00e5n ARA.<\/p>\n<p>[\/et_pb_accordion_item][et_pb_accordion_item title=&#8221;Kan jag st\u00e4lla mig i k\u00f6?&#8221; _builder_version=&#8221;4.22.1&#8243; _module_preset=&#8221;default&#8221; hover_enabled=&#8221;0&#8243; global_colors_info=&#8221;{}&#8221; open=&#8221;off&#8221; sticky_enabled=&#8221;0&#8243;]Lediga l\u00e4genheter erbjuds till den s\u00f6kande med det l\u00e4gsta ordningsnumret. (gamla ordningsnummer har f\u00f6rtur fram till slutet av 2023 eftersom de \u00e4r \u00e4ldre) Om du inte fick den l\u00e4genhet du s\u00f6kte eller om det inte finns n\u00e5gon ledig l\u00e4genhet vid ans\u00f6kningstillf\u00e4llet, kan du ocks\u00e5 g\u00f6ra en \u00f6ppen ans\u00f6kan via v\u00e5r webbplats, som \u00e4r giltig i 6 m\u00e5nader.[\/et_pb_accordion_item][\/et_pb_accordion][\/et_pb_column][\/et_pb_row][\/et_pb_section]<\/p>\n","protected":false},"excerpt":{"rendered":"<p>Vanliga fr\u00e5gorPersoner som har fyllt 18 \u00e5r och som inte \u00e4ger en bostad i det omr\u00e5de de s\u00f6ker, eller som inte har tillr\u00e4ckligt med medel f\u00f6r att k\u00f6pa en bostad, kan ans\u00f6ka om en bostadsr\u00e4tt.Ans\u00f6k om en ordningsnummer fr\u00e5n ARA. Kommunerna utf\u00e4rdar inte l\u00e4ngre nya nummer. Om du redan har ett nummer utf\u00e4rdat av kommunen [&hellip;]<\/p>\n","protected":false},"author":1,"featured_media":0,"parent":0,"menu_order":0,"comment_status":"closed","ping_status":"closed","template":"","meta":{"_acf_changed":false,"_et_pb_use_builder":"on","_et_pb_old_content":"","_et_gb_content_width":"","footnotes":""},"class_list":["post-1014","page","type-page","status-publish","hentry"],"acf":[],"_links":{"self":[{"href":"https:\/\/aurinkoasot.fi\/sv\/wp-json\/wp\/v2\/pages\/1014","targetHints":{"allow":["GET"]}}],"collection":[{"href":"https:\/\/aurinkoasot.fi\/sv\/wp-json\/wp\/v2\/pages"}],"about":[{"href":"https:\/\/aurinkoasot.fi\/sv\/wp-json\/wp\/v2\/types\/page"}],"author":[{"embeddable":true,"href":"https:\/\/aurinkoasot.fi\/sv\/wp-json\/wp\/v2\/users\/1"}],"replies":[{"embeddable":true,"href":"https:\/\/aurinkoasot.fi\/sv\/wp-json\/wp\/v2\/comments?post=1014"}],"version-history":[{"count":2,"href":"https:\/\/aurinkoasot.fi\/sv\/wp-json\/wp\/v2\/pages\/1014\/revisions"}],"predecessor-version":[{"id":1016,"href":"https:\/\/aurinkoasot.fi\/sv\/wp-json\/wp\/v2\/pages\/1014\/revisions\/1016"}],"wp:attachment":[{"href":"https:\/\/aurinkoasot.fi\/sv\/wp-json\/wp\/v2\/media?parent=1014"}],"curies":[{"name":"wp","href":"https:\/\/api.w.org\/{rel}","templated":true}]}}