{"id":770,"date":"2023-07-03T09:16:14","date_gmt":"2023-07-03T06:16:14","guid":{"rendered":"https:\/\/aurinkoasot.fi\/framsida\/"},"modified":"2023-08-31T09:03:50","modified_gmt":"2023-08-31T06:03:50","slug":"framsida","status":"publish","type":"page","link":"https:\/\/aurinkoasot.fi\/sv\/","title":{"rendered":"Framsida"},"content":{"rendered":"\n[et_pb_section fb_built=&#8221;1&#8243; fullwidth=&#8221;on&#8221; _builder_version=&#8221;4.21.0&#8243; _module_preset=&#8221;default&#8221; global_colors_info=&#8221;{}&#8221;][et_pb_fullwidth_slider _builder_version=&#8221;4.22.1&#8243; _module_preset=&#8221;default&#8221; global_colors_info=&#8221;{}&#8221;][et_pb_slide heading=&#8221;Soligt boende&#8221; button_text=&#8221;L\u00e4r k\u00e4nna oss&#8221; button_link=&#8221;https:\/\/aurinkoasot.fi\/#tutustu&#8221; _builder_version=&#8221;4.22.1&#8243; _module_preset=&#8221;default&#8221; background_image=&#8221;https:\/\/aurinkoasot.fi\/wp-content\/uploads\/aurinkoasot-yla-1.jpg&#8221; background_enable_image=&#8221;on&#8221; global_colors_info=&#8221;{}&#8221; sticky_transition=&#8221;on&#8221;][\/et_pb_slide][\/et_pb_fullwidth_slider][\/et_pb_section][et_pb_section fb_built=&#8221;1&#8243; module_id=&#8221;tutustu&#8221; _builder_version=&#8221;4.21.2&#8243; _module_preset=&#8221;default&#8221; custom_margin=&#8221;||-1px|||&#8221; global_colors_info=&#8221;{}&#8221;][et_pb_row _builder_version=&#8221;4.21.0&#8243; _module_preset=&#8221;default&#8221; global_colors_info=&#8221;{}&#8221;][et_pb_column type=&#8221;4_4&#8243; _builder_version=&#8221;4.21.0&#8243; _module_preset=&#8221;default&#8221; global_colors_info=&#8221;{}&#8221;][et_pb_text _builder_version=&#8221;4.22.1&#8243; _module_preset=&#8221;default&#8221; global_colors_info=&#8221;{}&#8221;]<h1>Aurinkoasot.fi<\/h1>\nAurinko Asot, officiellt kallad Kanta-Suomens bostadsr\u00e4ttf\u00f6rening (Kanta-Suomen asumisoikeusyhdistys) , grundades 1996. F\u00f6reningen anv\u00e4nder sitt hj\u00e4lpnamn Aurinko Asot och f\u00f6reningen \u00e4ger bostadsr\u00e4ttsl\u00e4genheter i Kirkkonummi, Kerava och Tuusula. De f\u00f6rsta projekten som f\u00f6reningen byggde stod klara \u00e5r 1998. F\u00f6reningen arbetar utan vinstsyfte och str\u00e4var efter att h\u00e5lla avgifterna s\u00e5 l\u00e5ga som m\u00f6jligt. Huvudsakligen \u00e4r det bostadsr\u00e4ttshavare som sitter i f\u00f6reningens styrelse.[\/et_pb_text][\/et_pb_column][\/et_pb_row][\/et_pb_section][et_pb_section fb_built=&#8221;1&#8243; _builder_version=&#8221;4.22.1&#8243; _module_preset=&#8221;default&#8221; background_enable_color=&#8221;off&#8221; use_background_color_gradient=&#8221;on&#8221; background_color_gradient_stops=&#8221;#ffffff 65%|#ffffff 65%|#fcea00 65%&#8221; background_last_edited=&#8221;on|phone&#8221; background_color_gradient_direction_tablet=&#8221;135deg&#8221; background_color_gradient_direction_phone=&#8221;100deg&#8221; global_colors_info=&#8221;{}&#8221;][et_pb_row _builder_version=&#8221;4.22.1&#8243; _module_preset=&#8221;default&#8221; global_colors_info=&#8221;{}&#8221;][et_pb_column type=&#8221;4_4&#8243; _builder_version=&#8221;4.22.1&#8243; _module_preset=&#8221;default&#8221; global_colors_info=&#8221;{}&#8221;][et_pb_text _builder_version=&#8221;4.22.1&#8243; _module_preset=&#8221;default&#8221; text_orientation=&#8221;center&#8221; global_colors_info=&#8221;{}&#8221;]<h1>V\u00e5ra fastigheter<\/h1>[\/et_pb_text][\/et_pb_column][\/et_pb_row][et_pb_row column_structure=&#8221;1_3,1_3,1_3&#8243; _builder_version=&#8221;4.22.1&#8243; _module_preset=&#8221;default&#8221; hover_enabled=&#8221;0&#8243; global_colors_info=&#8221;{}&#8221; sticky_enabled=&#8221;0&#8243;][et_pb_column type=&#8221;1_3&#8243; _builder_version=&#8221;4.22.1&#8243; _module_preset=&#8221;default&#8221; hover_enabled=&#8221;0&#8243; global_colors_info=&#8221;{}&#8221; link_option_url=&#8221;https:\/\/aurinkoasot.fi\/sv\/kerava\/&#8221; sticky_enabled=&#8221;0&#8243;][et_pb_text _builder_version=&#8221;4.22.1&#8243; _module_preset=&#8221;default&#8221; text_orientation=&#8221;center&#8221; global_colors_info=&#8221;{}&#8221;]<h2>Kerava<\/h2>[\/et_pb_text][et_pb_image src=&#8221;https:\/\/aurinkoasot.fi\/wp-content\/uploads\/kerava-etu.png&#8221; title_text=&#8221;kerava-etu&#8221; align=&#8221;center&#8221; _builder_version=&#8221;4.22.1&#8243; _module_preset=&#8221;default&#8221; border_radii=&#8221;on|100%|100%|100%|100%&#8221; border_width_all=&#8221;10px&#8221; global_colors_info=&#8221;{}&#8221;][\/et_pb_image][\/et_pb_column][et_pb_column type=&#8221;1_3&#8243; _builder_version=&#8221;4.22.1&#8243; _module_preset=&#8221;default&#8221; hover_enabled=&#8221;0&#8243; global_colors_info=&#8221;{}&#8221; link_option_url=&#8221;https:\/\/aurinkoasot.fi\/sv\/kirkkonummi\/&#8221; sticky_enabled=&#8221;0&#8243;][et_pb_text _builder_version=&#8221;4.22.1&#8243; _module_preset=&#8221;default&#8221; text_orientation=&#8221;center&#8221; global_colors_info=&#8221;{}&#8221;]<h2>Kirkkonummi<\/h2>[\/et_pb_text][et_pb_image src=&#8221;https:\/\/aurinkoasot.fi\/wp-content\/uploads\/Kirkkonummi-etu.png&#8221; title_text=&#8221;Kirkkonummi-etu&#8221; align=&#8221;center&#8221; _builder_version=&#8221;4.22.1&#8243; _module_preset=&#8221;default&#8221; border_radii=&#8221;on|100%|100%|100%|100%&#8221; border_width_all=&#8221;10px&#8221; global_colors_info=&#8221;{}&#8221;][\/et_pb_image][\/et_pb_column][et_pb_column type=&#8221;1_3&#8243; _builder_version=&#8221;4.22.1&#8243; _module_preset=&#8221;default&#8221; hover_enabled=&#8221;0&#8243; global_colors_info=&#8221;{}&#8221; link_option_url=&#8221;https:\/\/aurinkoasot.fi\/sv\/tuusula\/&#8221; sticky_enabled=&#8221;0&#8243;][et_pb_text _builder_version=&#8221;4.22.1&#8243; _module_preset=&#8221;default&#8221; text_orientation=&#8221;center&#8221; global_colors_info=&#8221;{}&#8221;]<h2>Tuusula<\/h2>[\/et_pb_text][et_pb_image src=&#8221;https:\/\/aurinkoasot.fi\/wp-content\/uploads\/tuusula-etu.png&#8221; title_text=&#8221;tuusula-etu&#8221; align=&#8221;center&#8221; _builder_version=&#8221;4.22.1&#8243; _module_preset=&#8221;default&#8221; border_radii=&#8221;on|100%|100%|100%|100%&#8221; border_width_all=&#8221;10px&#8221; global_colors_info=&#8221;{}&#8221;][\/et_pb_image][\/et_pb_column][\/et_pb_row][\/et_pb_section]\n","protected":false},"excerpt":{"rendered":"<p>Aurinkoasot.fi Aurinko Asot, officiellt kallad Kanta-Suomens bostadsr\u00e4ttf\u00f6rening (Kanta-Suomen asumisoikeusyhdistys) , grundades 1996. F\u00f6reningen anv\u00e4nder sitt hj\u00e4lpnamn Aurinko Asot och f\u00f6reningen \u00e4ger bostadsr\u00e4ttsl\u00e4genheter i Kirkkonummi, Kerava och Tuusula. De f\u00f6rsta projekten som f\u00f6reningen byggde stod klara \u00e5r 1998. F\u00f6reningen arbetar utan vinstsyfte och str\u00e4var efter att h\u00e5lla avgifterna s\u00e5 l\u00e5ga som m\u00f6jligt. Huvudsakligen \u00e4r det bostadsr\u00e4ttshavare [&hellip;]<\/p>\n","protected":false},"author":1,"featured_media":0,"parent":0,"menu_order":0,"comment_status":"closed","ping_status":"closed","template":"","meta":{"_acf_changed":false,"_et_pb_use_builder":"on","_et_pb_old_content":"","_et_gb_content_width":"","footnotes":""},"class_list":["post-770","page","type-page","status-publish","hentry"],"acf":[],"_links":{"self":[{"href":"https:\/\/aurinkoasot.fi\/sv\/wp-json\/wp\/v2\/pages\/770","targetHints":{"allow":["GET"]}}],"collection":[{"href":"https:\/\/aurinkoasot.fi\/sv\/wp-json\/wp\/v2\/pages"}],"about":[{"href":"https:\/\/aurinkoasot.fi\/sv\/wp-json\/wp\/v2\/types\/page"}],"author":[{"embeddable":true,"href":"https:\/\/aurinkoasot.fi\/sv\/wp-json\/wp\/v2\/users\/1"}],"replies":[{"embeddable":true,"href":"https:\/\/aurinkoasot.fi\/sv\/wp-json\/wp\/v2\/comments?post=770"}],"version-history":[{"count":5,"href":"https:\/\/aurinkoasot.fi\/sv\/wp-json\/wp\/v2\/pages\/770\/revisions"}],"predecessor-version":[{"id":971,"href":"https:\/\/aurinkoasot.fi\/sv\/wp-json\/wp\/v2\/pages\/770\/revisions\/971"}],"wp:attachment":[{"href":"https:\/\/aurinkoasot.fi\/sv\/wp-json\/wp\/v2\/media?parent=770"}],"curies":[{"name":"wp","href":"https:\/\/api.w.org\/{rel}","templated":true}]}}