{"id":959,"date":"2023-07-18T18:52:24","date_gmt":"2023-07-18T15:52:24","guid":{"rendered":"https:\/\/aurinkoasot.fi\/kirkkonummi\/"},"modified":"2023-08-31T13:01:14","modified_gmt":"2023-08-31T10:01:14","slug":"kirkkonummi","status":"publish","type":"page","link":"https:\/\/aurinkoasot.fi\/sv\/kirkkonummi\/","title":{"rendered":"Kirkkonummi"},"content":{"rendered":"<p>[et_pb_section fb_built=&#8221;1&#8243; module_class=&#8221;ylaboxi&#8221; _builder_version=&#8221;4.22.1&#8243; _module_preset=&#8221;default&#8221; background_image=&#8221;https:\/\/aurinkoasot.fi\/wp-content\/uploads\/Kirkkonummi-yla.png&#8221; global_colors_info=&#8221;{}&#8221;][et_pb_row _builder_version=&#8221;4.21.0&#8243; _module_preset=&#8221;default&#8221; global_colors_info=&#8221;{}&#8221;][et_pb_column type=&#8221;4_4&#8243; _builder_version=&#8221;4.21.0&#8243; _module_preset=&#8221;default&#8221; global_colors_info=&#8221;{}&#8221;][et_pb_text _builder_version=&#8221;4.21.0&#8243; _module_preset=&#8221;default&#8221; global_colors_info=&#8221;{}&#8221;]<\/p>\n<p>Kirkkonummi<\/p>\n<p>[\/et_pb_text][\/et_pb_column][\/et_pb_row][\/et_pb_section][et_pb_section fb_built=&#8221;1&#8243; module_id=&#8221;kirkkonummi1&#8243; _builder_version=&#8221;4.21.0&#8243; _module_preset=&#8221;default&#8221; global_colors_info=&#8221;{}&#8221;][et_pb_row _builder_version=&#8221;4.21.0&#8243; _module_preset=&#8221;default&#8221; global_colors_info=&#8221;{}&#8221;][et_pb_column type=&#8221;4_4&#8243; _builder_version=&#8221;4.21.0&#8243; _module_preset=&#8221;default&#8221; global_colors_info=&#8221;{}&#8221;][et_pb_text _builder_version=&#8221;4.22.1&#8243; _module_preset=&#8221;default&#8221; global_colors_info=&#8221;{}&#8221;]<\/p>\n<h1>Mennink\u00e4isenrinne, Kirkkonummi 1<\/h1>\n<p>V\u00e4lkommen till Mennink\u00e4isenrinne i Laajakallio, Kirkkonummi! Denna fastighet erbjuder lugnt boende omgivet av natur, men med utm\u00e4rkta transportf\u00f6rbindelser. Byggnaden uppf\u00f6rdes 2001 och \u00e4r eluppv\u00e4rmd. L\u00e4genheterna varierar mellan 2-4 rum + k\u00f6k, varje med sin egen bakg\u00e5rd och bastu. Ytterligare bekv\u00e4mligheter i l\u00e4genheterna inkluderar \u00f6ppna spisar och luftv\u00e4rmepumpar. Bas tj\u00e4nster \u00e4r lite \u00f6ver en kilometer bort.[\/et_pb_text][et_pb_gallery gallery_ids=&#8221;579,581,580&#8243; show_title_and_caption=&#8221;off&#8221; show_pagination=&#8221;off&#8221; _builder_version=&#8221;4.22.1&#8243; _module_preset=&#8221;default&#8221; global_colors_info=&#8221;{}&#8221;][\/et_pb_gallery][et_pb_code _builder_version=&#8221;4.22.1&#8243; _module_preset=&#8221;default&#8221; hover_enabled=&#8221;0&#8243; global_colors_info=&#8221;{}&#8221; sticky_enabled=&#8221;0&#8243;]<table><tr><th class=\"asunto-col\">Bostad<\/th><th class=\"vapaa-col\">Ledig<\/th><th class=\"tyyppi-col\">Typ<\/th><th class=\"pinta_ala-col\">Areal (m2)<\/th><th class=\"kayttovastike-col\">Bruksvederlag \/ m\u00e5nad<\/th><th class=\"asumisoikeusmaksu-col\">Bostadsr\u00e4ttsavgift<\/th><th><\/th><\/tr><tr><td class=\"asunto-col\"><a href=\"https:\/\/aurinkoasot.fi\/sv\/a-1-menninkaisenrinne-kirkkonummi-1\/\">A 1 &#8211; Mennink\u00e4isenrinne, Kirkkonummi 1<\/a><\/td><td class=\"vapaa-col\"><\/td><td class=\"tyyppi-col\">3 h + k + sauna<\/td><td class=\"pinta-ala-col\">70 m\u00b2<\/td><td class=\"kayttovastike-col\"><\/td><td class=\"asumisoikeusmaksu-col\"><\/td><td><a href=\"https:\/\/aurinkoasot.fi\/sv\/a-1-menninkaisenrinne-kirkkonummi-1\/\">L\u00e4s mer och l\u00e4mna en ans\u00f6kan till k\u00f6n<\/a><\/td><\/tr><tr><td class=\"asunto-col\"><a href=\"https:\/\/aurinkoasot.fi\/sv\/a-2-menninkaisenrinne-kirkkonummi-1\/\">A 2 &#8211; Mennink\u00e4isenrinne, Kirkkonummi 1<\/a><\/td><td class=\"vapaa-col\"><span class=\"vapaa-label future-date\">Blir tillg\u00e4nglig<\/span> - 12\/06\/2026<\/td><td class=\"tyyppi-col\">3 h + k + sauna<\/td><td class=\"pinta-ala-col\">70 m\u00b2<\/td><td class=\"kayttovastike-col\">700.00 \u20ac<\/td><td class=\"asumisoikeusmaksu-col\">27536.14 \u20ac<\/td><td><a href=\"https:\/\/aurinkoasot.fi\/sv\/a-2-menninkaisenrinne-kirkkonummi-1\/\">L\u00e4s mer och ans\u00f6k om denna l\u00e4genhet<\/a><\/td><\/tr><tr><td class=\"asunto-col\"><a href=\"https:\/\/aurinkoasot.fi\/sv\/a-3-menninkaisenrinne-kirkkonummi-1\/\">A 3 &#8211; Mennink\u00e4isenrinne, Kirkkonummi 1<\/a><\/td><td class=\"vapaa-col\"><\/td><td class=\"tyyppi-col\">3 h + k + sauna<\/td><td class=\"pinta-ala-col\">70 m\u00b2<\/td><td class=\"kayttovastike-col\"><\/td><td class=\"asumisoikeusmaksu-col\"><\/td><td><a href=\"https:\/\/aurinkoasot.fi\/sv\/a-3-menninkaisenrinne-kirkkonummi-1\/\">L\u00e4s mer och l\u00e4mna en ans\u00f6kan till k\u00f6n<\/a><\/td><\/tr><tr><td class=\"asunto-col\"><a href=\"https:\/\/aurinkoasot.fi\/sv\/a-4-menninkaisenrinne-kirkkonummi-1\/\">A 4 &#8211; Mennink\u00e4isenrinne, Kirkkonummi 1<\/a><\/td><td class=\"vapaa-col\"><\/td><td class=\"tyyppi-col\">3 h + k + sauna<\/td><td class=\"pinta-ala-col\">70 m\u00b2<\/td><td class=\"kayttovastike-col\"><\/td><td class=\"asumisoikeusmaksu-col\"><\/td><td><a href=\"https:\/\/aurinkoasot.fi\/sv\/a-4-menninkaisenrinne-kirkkonummi-1\/\">L\u00e4s mer och l\u00e4mna en ans\u00f6kan till k\u00f6n<\/a><\/td><\/tr><tr><td class=\"asunto-col\"><a href=\"https:\/\/aurinkoasot.fi\/sv\/a-5-menninkaisenrinne-kirkkonummi-1\/\">A 5 &#8211; Mennink\u00e4isenrinne, Kirkkonummi 1<\/a><\/td><td class=\"vapaa-col\"><\/td><td class=\"tyyppi-col\">3 h + k + sauna<\/td><td class=\"pinta-ala-col\">70 m\u00b2<\/td><td class=\"kayttovastike-col\"><\/td><td class=\"asumisoikeusmaksu-col\"><\/td><td><a href=\"https:\/\/aurinkoasot.fi\/sv\/a-5-menninkaisenrinne-kirkkonummi-1\/\">L\u00e4s mer och l\u00e4mna en ans\u00f6kan till k\u00f6n<\/a><\/td><\/tr><tr><td class=\"asunto-col\"><a href=\"https:\/\/aurinkoasot.fi\/sv\/b-6-menninkaisenrinne-kirkkonummi-1\/\">B 6 &#8211; Mennink\u00e4isenrinne, Kirkkonummi 1<\/a><\/td><td class=\"vapaa-col\"><\/td><td class=\"tyyppi-col\">4 h + k + sauna<\/td><td class=\"pinta-ala-col\">87 m\u00b2<\/td><td class=\"kayttovastike-col\"><\/td><td class=\"asumisoikeusmaksu-col\"><\/td><td><a href=\"https:\/\/aurinkoasot.fi\/sv\/b-6-menninkaisenrinne-kirkkonummi-1\/\">L\u00e4s mer och l\u00e4mna en ans\u00f6kan till k\u00f6n<\/a><\/td><\/tr><tr><td class=\"asunto-col\"><a href=\"https:\/\/aurinkoasot.fi\/sv\/b-7-menninkaisenrinne-kirkkonummi-1\/\">B 7 &#8211; Mennink\u00e4isenrinne, Kirkkonummi 1<\/a><\/td><td class=\"vapaa-col\"><\/td><td class=\"tyyppi-col\">4 h + k + sauna<\/td><td class=\"pinta-ala-col\">85 m\u00b2<\/td><td class=\"kayttovastike-col\"><\/td><td class=\"asumisoikeusmaksu-col\"><\/td><td><a href=\"https:\/\/aurinkoasot.fi\/sv\/b-7-menninkaisenrinne-kirkkonummi-1\/\">L\u00e4s mer och l\u00e4mna en ans\u00f6kan till k\u00f6n<\/a><\/td><\/tr><tr><td class=\"asunto-col\"><a href=\"https:\/\/aurinkoasot.fi\/sv\/b-8-menninkaisenrinne-kirkkonummi-1\/\">B 8 &#8211; Mennink\u00e4isenrinne, Kirkkonummi 1<\/a><\/td><td class=\"vapaa-col\"><\/td><td class=\"tyyppi-col\">4 h + k + sauna<\/td><td class=\"pinta-ala-col\">85 m\u00b2<\/td><td class=\"kayttovastike-col\"><\/td><td class=\"asumisoikeusmaksu-col\"><\/td><td><a href=\"https:\/\/aurinkoasot.fi\/sv\/b-8-menninkaisenrinne-kirkkonummi-1\/\">L\u00e4s mer och l\u00e4mna en ans\u00f6kan till k\u00f6n<\/a><\/td><\/tr><tr><td class=\"asunto-col\"><a href=\"https:\/\/aurinkoasot.fi\/sv\/b-9-menninkaisenrinne-kirkkonummi-1\/\">B 9 &#8211; Mennink\u00e4isenrinne, Kirkkonummi 1<\/a><\/td><td class=\"vapaa-col\"><\/td><td class=\"tyyppi-col\">2 h + k + sauna<\/td><td class=\"pinta-ala-col\">44 m\u00b2<\/td><td class=\"kayttovastike-col\"><\/td><td class=\"asumisoikeusmaksu-col\"><\/td><td><a href=\"https:\/\/aurinkoasot.fi\/sv\/b-9-menninkaisenrinne-kirkkonummi-1\/\">L\u00e4s mer och l\u00e4mna en ans\u00f6kan till k\u00f6n<\/a><\/td><\/tr><\/table><p><i>*Besittningsr\u00e4ttsbetalningen p\u00e5 sidorna \u00e4r indicativ. Det exakta slutpriset fastst\u00e4lls alltid vid f\u00f6rs\u00e4ljningstillf\u00e4llet.<\/i><\/p>[\/et_pb_code][\/et_pb_column][\/et_pb_row][\/et_pb_section][et_pb_section fb_built=&#8221;1&#8243; module_id=&#8221;kirkkonummi2&#8243; _builder_version=&#8221;4.21.0&#8243; _module_preset=&#8221;default&#8221; global_colors_info=&#8221;{}&#8221;][et_pb_row _builder_version=&#8221;4.21.0&#8243; _module_preset=&#8221;default&#8221; global_colors_info=&#8221;{}&#8221;][et_pb_column type=&#8221;4_4&#8243; _builder_version=&#8221;4.21.0&#8243; _module_preset=&#8221;default&#8221; global_colors_info=&#8221;{}&#8221;][et_pb_text _builder_version=&#8221;4.22.1&#8243; _module_preset=&#8221;default&#8221; global_colors_info=&#8221;{}&#8221;]<\/p>\n<h1>Laajankallionkaari, Kirkkonummi 2<\/h1>\n<p>V\u00e4lkommen till Laajakallionkaari i Laajakallio, Kirkkonummi! H\u00e4r kan du njuta av rymligt boende p\u00e5 en niv\u00e5. L\u00e4genheterna \u00e4r 2-4 rum + k\u00f6k, och varje l\u00e4genhet har sin egen bakg\u00e5rd och bastu. Dessutom har l\u00e4genheterna \u00f6ppna spisar och luftv\u00e4rmepumpar. Fastigheten byggdes 2003 och \u00e4r eluppv\u00e4rmd. N\u00e4rliggande finns en f\u00f6rskola och en grundskola. T\u00e5gstationen och aff\u00e4ren ligger cirka 800 meter bort. Omr\u00e5det erbjuder ocks\u00e5 utm\u00e4rkta m\u00f6jligheter f\u00f6r utomhusaktiviteter och fritidsintressen.     <\/p>\n<p>[\/et_pb_text][et_pb_gallery gallery_ids=&#8221;583,585,584&#8243; show_title_and_caption=&#8221;off&#8221; show_pagination=&#8221;off&#8221; _builder_version=&#8221;4.22.1&#8243; _module_preset=&#8221;default&#8221; global_colors_info=&#8221;{}&#8221;][\/et_pb_gallery][et_pb_code _builder_version=&#8221;4.22.1&#8243; _module_preset=&#8221;default&#8221; hover_enabled=&#8221;0&#8243; global_colors_info=&#8221;{}&#8221; sticky_enabled=&#8221;0&#8243;]<table><tr><th class=\"asunto-col\">Bostad<\/th><th class=\"vapaa-col\">Ledig<\/th><th class=\"tyyppi-col\">Typ<\/th><th class=\"pinta_ala-col\">Areal (m2)<\/th><th class=\"kayttovastike-col\">Bruksvederlag \/ m\u00e5nad<\/th><th class=\"asumisoikeusmaksu-col\">Bostadsr\u00e4ttsavgift<\/th><th><\/th><\/tr><tr><td class=\"asunto-col\"><a href=\"https:\/\/aurinkoasot.fi\/sv\/a-1-menninkaisenrinne-kirkkonummi-1-2\/\">A 1 &#8211; Laajankallionkaari, Kirkkonummi 2<\/a><\/td><td class=\"vapaa-col\"><\/td><td class=\"tyyppi-col\">4 h + k + sauna<\/td><td class=\"pinta-ala-col\">85 m\u00b2<\/td><td class=\"kayttovastike-col\"><\/td><td class=\"asumisoikeusmaksu-col\"><\/td><td><a href=\"https:\/\/aurinkoasot.fi\/sv\/a-1-menninkaisenrinne-kirkkonummi-1-2\/\">L\u00e4s mer och l\u00e4mna en ans\u00f6kan till k\u00f6n<\/a><\/td><\/tr><tr><td class=\"asunto-col\"><a href=\"https:\/\/aurinkoasot.fi\/sv\/a-2-laajankallionkaari-kirkkonummi-2\/\">A 2 &#8211; Laajankallionkaari, Kirkkonummi 2<\/a><\/td><td class=\"vapaa-col\"><\/td><td class=\"tyyppi-col\">3 h + k + sauna<\/td><td class=\"pinta-ala-col\">71 m\u00b2<\/td><td class=\"kayttovastike-col\"><\/td><td class=\"asumisoikeusmaksu-col\"><\/td><td><a href=\"https:\/\/aurinkoasot.fi\/sv\/a-2-laajankallionkaari-kirkkonummi-2\/\">L\u00e4s mer och l\u00e4mna en ans\u00f6kan till k\u00f6n<\/a><\/td><\/tr><tr><td class=\"asunto-col\"><a href=\"https:\/\/aurinkoasot.fi\/sv\/a-3-laajankallionkaari-kirkkonummi-2\/\">A 3 &#8211; Laajankallionkaari, Kirkkonummi 2<\/a><\/td><td class=\"vapaa-col\"><\/td><td class=\"tyyppi-col\">3 h + k + sauna<\/td><td class=\"pinta-ala-col\">71 m\u00b2<\/td><td class=\"kayttovastike-col\"><\/td><td class=\"asumisoikeusmaksu-col\"><\/td><td><a href=\"https:\/\/aurinkoasot.fi\/sv\/a-3-laajankallionkaari-kirkkonummi-2\/\">L\u00e4s mer och l\u00e4mna en ans\u00f6kan till k\u00f6n<\/a><\/td><\/tr><tr><td class=\"asunto-col\"><a href=\"https:\/\/aurinkoasot.fi\/sv\/b-4-laajankallionkaari-kirkkonummi-2\/\">B 4 &#8211; Laajankallionkaari, Kirkkonummi 2<\/a><\/td><td class=\"vapaa-col\"><span class=\"vapaa-label\">Ledig<\/span><\/td><td class=\"tyyppi-col\">4 h + k + sauna<\/td><td class=\"pinta-ala-col\">85 m\u00b2<\/td><td class=\"kayttovastike-col\">850 \u20ac<\/td><td class=\"asumisoikeusmaksu-col\">32894.16 \u20ac<\/td><td><a href=\"https:\/\/aurinkoasot.fi\/sv\/b-4-laajankallionkaari-kirkkonummi-2\/\">L\u00e4s mer och ans\u00f6k om denna l\u00e4genhet<\/a><\/td><\/tr><tr><td class=\"asunto-col\"><a href=\"https:\/\/aurinkoasot.fi\/sv\/b-5-laajankallionkaari-kirkkonummi-2\/\">B 5 &#8211; Laajankallionkaari, Kirkkonummi 2<\/a><\/td><td class=\"vapaa-col\"><\/td><td class=\"tyyppi-col\">4 h + k + sauna<\/td><td class=\"pinta-ala-col\">71 m\u00b2<\/td><td class=\"kayttovastike-col\"><\/td><td class=\"asumisoikeusmaksu-col\"><\/td><td><a href=\"https:\/\/aurinkoasot.fi\/sv\/b-5-laajankallionkaari-kirkkonummi-2\/\">L\u00e4s mer och l\u00e4mna en ans\u00f6kan till k\u00f6n<\/a><\/td><\/tr><tr><td class=\"asunto-col\"><a href=\"https:\/\/aurinkoasot.fi\/sv\/b-6-laajankallionkaari-kirkkonummi-2\/\">B 6 &#8211; Laajankallionkaari, Kirkkonummi 2<\/a><\/td><td class=\"vapaa-col\"><\/td><td class=\"tyyppi-col\">2 h + k + sauna<\/td><td class=\"pinta-ala-col\">55 m\u00b2<\/td><td class=\"kayttovastike-col\"><\/td><td class=\"asumisoikeusmaksu-col\"><\/td><td><a href=\"https:\/\/aurinkoasot.fi\/sv\/b-6-laajankallionkaari-kirkkonummi-2\/\">L\u00e4s mer och l\u00e4mna en ans\u00f6kan till k\u00f6n<\/a><\/td><\/tr><tr><td class=\"asunto-col\"><a href=\"https:\/\/aurinkoasot.fi\/sv\/c-7-laajankallionkaari-kirkkonummi-2\/\">C 7 &#8211; Laajankallionkaari, Kirkkonummi 2<\/a><\/td><td class=\"vapaa-col\"><\/td><td class=\"tyyppi-col\">4 h + k + sauna<\/td><td class=\"pinta-ala-col\">85 m\u00b2<\/td><td class=\"kayttovastike-col\"><\/td><td class=\"asumisoikeusmaksu-col\"><\/td><td><a href=\"https:\/\/aurinkoasot.fi\/sv\/c-7-laajankallionkaari-kirkkonummi-2\/\">L\u00e4s mer och l\u00e4mna en ans\u00f6kan till k\u00f6n<\/a><\/td><\/tr><tr><td class=\"asunto-col\"><a href=\"https:\/\/aurinkoasot.fi\/sv\/c-9-laajankallionkaari-kirkkonummi-2\/\">C 8 &#8211; Laajankallionkaari, Kirkkonummi 2<\/a><\/td><td class=\"vapaa-col\"><\/td><td class=\"tyyppi-col\">3 h + k + sauna<\/td><td class=\"pinta-ala-col\">71 m\u00b2<\/td><td class=\"kayttovastike-col\"><\/td><td class=\"asumisoikeusmaksu-col\"><\/td><td><a href=\"https:\/\/aurinkoasot.fi\/sv\/c-9-laajankallionkaari-kirkkonummi-2\/\">L\u00e4s mer och l\u00e4mna en ans\u00f6kan till k\u00f6n<\/a><\/td><\/tr><tr><td class=\"asunto-col\"><a href=\"https:\/\/aurinkoasot.fi\/sv\/c-9-laajankallionkaari-kirkkonummi-2-2\/\">C 9 &#8211; Laajankallionkaari, Kirkkonummi 2<\/a><\/td><td class=\"vapaa-col\"><\/td><td class=\"tyyppi-col\">4 h + k + sauna<\/td><td class=\"pinta-ala-col\">85 m\u00b2<\/td><td class=\"kayttovastike-col\"><\/td><td class=\"asumisoikeusmaksu-col\"><\/td><td><a href=\"https:\/\/aurinkoasot.fi\/sv\/c-9-laajankallionkaari-kirkkonummi-2-2\/\">L\u00e4s mer och l\u00e4mna en ans\u00f6kan till k\u00f6n<\/a><\/td><\/tr><\/table><p><i>*Besittningsr\u00e4ttsbetalningen p\u00e5 sidorna \u00e4r indicativ. Det exakta slutpriset fastst\u00e4lls alltid vid f\u00f6rs\u00e4ljningstillf\u00e4llet.<\/i><\/p>[\/et_pb_code][\/et_pb_column][\/et_pb_row][\/et_pb_section][et_pb_section fb_built=&#8221;1&#8243; module_id=&#8221;kirkkonummi2&#8243; _builder_version=&#8221;4.21.0&#8243; _module_preset=&#8221;default&#8221; global_colors_info=&#8221;{}&#8221;][et_pb_row _builder_version=&#8221;4.21.0&#8243; _module_preset=&#8221;default&#8221; global_colors_info=&#8221;{}&#8221;][et_pb_column type=&#8221;4_4&#8243; _builder_version=&#8221;4.21.0&#8243; _module_preset=&#8221;default&#8221; global_colors_info=&#8221;{}&#8221;][et_pb_text _builder_version=&#8221;4.22.1&#8243; _module_preset=&#8221;default&#8221; global_colors_info=&#8221;{}&#8221;]<\/p>\n<h1>Kolmenkyl\u00e4ntie, Kirkkonummi 3<\/h1>\n<p>I Jorvas i Kirkkonummi p\u00e5 Kolmenkyl\u00e4ntie ligger en radhusfastighet p\u00e5 en stor gr\u00f6n tomt med utm\u00e4rkta transportf\u00f6rbindelser. Fastigheten erbjuder l\u00e4genheter med 2-4 rum + k\u00f6ks, var och en med egen bakg\u00e5rd och bastu. L\u00e4genheterna har \u00e4ven \u00f6ppna spisar och luftv\u00e4rmepumpar. Fastigheten byggdes 2002 och \u00e4r eluppv\u00e4rmd. Grundl\u00e4ggande tj\u00e4nster ligger p\u00e5 rimligt avst\u00e5nd. V\u00e4lkommen att bo i denna fridfulla p\u00e4rla mitt i naturen!  <\/p>\n<p>[\/et_pb_text][et_pb_gallery gallery_ids=&#8221;587,589,588&#8243; show_title_and_caption=&#8221;off&#8221; show_pagination=&#8221;off&#8221; _builder_version=&#8221;4.22.1&#8243; _module_preset=&#8221;default&#8221; global_colors_info=&#8221;{}&#8221;][\/et_pb_gallery][et_pb_code _builder_version=&#8221;4.22.1&#8243; _module_preset=&#8221;default&#8221; hover_enabled=&#8221;0&#8243; global_colors_info=&#8221;{}&#8221; sticky_enabled=&#8221;0&#8243;]<table><tr><th class=\"asunto-col\">Bostad<\/th><th class=\"vapaa-col\">Ledig<\/th><th class=\"tyyppi-col\">Typ<\/th><th class=\"pinta_ala-col\">Areal (m2)<\/th><th class=\"kayttovastike-col\">Bruksvederlag \/ m\u00e5nad<\/th><th class=\"asumisoikeusmaksu-col\">Bostadsr\u00e4ttsavgift<\/th><th><\/th><\/tr><tr><td class=\"asunto-col\"><a href=\"https:\/\/aurinkoasot.fi\/sv\/a-1-kolmenkylantie-kirkkonummi-3\/\">A 1 &#8211; Kolmenkyl\u00e4ntie, Kirkkonummi 3<\/a><\/td><td class=\"vapaa-col\"><\/td><td class=\"tyyppi-col\">3 h + k + sauna<\/td><td class=\"pinta-ala-col\">71 m\u00b2<\/td><td class=\"kayttovastike-col\"><\/td><td class=\"asumisoikeusmaksu-col\"><\/td><td><a href=\"https:\/\/aurinkoasot.fi\/sv\/a-1-kolmenkylantie-kirkkonummi-3\/\">L\u00e4s mer och l\u00e4mna en ans\u00f6kan till k\u00f6n<\/a><\/td><\/tr><tr><td class=\"asunto-col\"><a href=\"https:\/\/aurinkoasot.fi\/sv\/a-1-kolmenkylantie-kirkkonummi-3-2\/\">A 2 &#8211; Kolmenkyl\u00e4ntie, Kirkkonummi 3<\/a><\/td><td class=\"vapaa-col\"><span class=\"vapaa-label future-date\">Blir tillg\u00e4nglig<\/span> - 01\/05\/2026<\/td><td class=\"tyyppi-col\">3 h + k + sauna<\/td><td class=\"pinta-ala-col\">71 m\u00b2<\/td><td class=\"kayttovastike-col\">710 \u20ac<\/td><td class=\"asumisoikeusmaksu-col\">27713.63 \u20ac<\/td><td><a href=\"https:\/\/aurinkoasot.fi\/sv\/a-1-kolmenkylantie-kirkkonummi-3-2\/\">L\u00e4s mer och ans\u00f6k om denna l\u00e4genhet<\/a><\/td><\/tr><tr><td class=\"asunto-col\"><a href=\"https:\/\/aurinkoasot.fi\/sv\/a-3-kolmenkylantie-kirkkonummi-3\/\">A 3 &#8211; Kolmenkyl\u00e4ntie, Kirkkonummi 3<\/a><\/td><td class=\"vapaa-col\"><\/td><td class=\"tyyppi-col\">4 h + k + sauna<\/td><td class=\"pinta-ala-col\">85 m\u00b2<\/td><td class=\"kayttovastike-col\"><\/td><td class=\"asumisoikeusmaksu-col\"><\/td><td><a href=\"https:\/\/aurinkoasot.fi\/sv\/a-3-kolmenkylantie-kirkkonummi-3\/\">L\u00e4s mer och l\u00e4mna en ans\u00f6kan till k\u00f6n<\/a><\/td><\/tr><tr><td class=\"asunto-col\"><a href=\"https:\/\/aurinkoasot.fi\/sv\/a-4-kolmenkylantie-kirkkonummi-3\/\">A 4 &#8211; Kolmenkyl\u00e4ntie, Kirkkonummi 3<\/a><\/td><td class=\"vapaa-col\"><\/td><td class=\"tyyppi-col\">4 h + k + sauna<\/td><td class=\"pinta-ala-col\">85 m\u00b2<\/td><td class=\"kayttovastike-col\"><\/td><td class=\"asumisoikeusmaksu-col\"><\/td><td><a href=\"https:\/\/aurinkoasot.fi\/sv\/a-4-kolmenkylantie-kirkkonummi-3\/\">L\u00e4s mer och l\u00e4mna en ans\u00f6kan till k\u00f6n<\/a><\/td><\/tr><tr><td class=\"asunto-col\"><a href=\"https:\/\/aurinkoasot.fi\/sv\/a-5-kolmenkylantie-kirkkonummi-3\/\">A 5 &#8211; Kolmenkyl\u00e4ntie, Kirkkonummi 3<\/a><\/td><td class=\"vapaa-col\"><\/td><td class=\"tyyppi-col\">2 h + k + sauna<\/td><td class=\"pinta-ala-col\">45 m\u00b2<\/td><td class=\"kayttovastike-col\"><\/td><td class=\"asumisoikeusmaksu-col\"><\/td><td><a href=\"https:\/\/aurinkoasot.fi\/sv\/a-5-kolmenkylantie-kirkkonummi-3\/\">L\u00e4s mer och l\u00e4mna en ans\u00f6kan till k\u00f6n<\/a><\/td><\/tr><tr><td class=\"asunto-col\"><a href=\"https:\/\/aurinkoasot.fi\/sv\/b-10-kolmenkylantie-kirkkonummi-3\/\">B 10 &#8211; Kolmenkyl\u00e4ntie, Kirkkonummi 3<\/a><\/td><td class=\"vapaa-col\"><\/td><td class=\"tyyppi-col\">3 h + k + sauna<\/td><td class=\"pinta-ala-col\">71 m\u00b2<\/td><td class=\"kayttovastike-col\"><\/td><td class=\"asumisoikeusmaksu-col\"><\/td><td><a href=\"https:\/\/aurinkoasot.fi\/sv\/b-10-kolmenkylantie-kirkkonummi-3\/\">L\u00e4s mer och l\u00e4mna en ans\u00f6kan till k\u00f6n<\/a><\/td><\/tr><tr><td class=\"asunto-col\"><a href=\"https:\/\/aurinkoasot.fi\/sv\/b-6-kolmenkylantie-kirkkonummi-3\/\">B 6 &#8211; Kolmenkyl\u00e4ntie, Kirkkonummi 3<\/a><\/td><td class=\"vapaa-col\"><\/td><td class=\"tyyppi-col\">2 h + k + sauna<\/td><td class=\"pinta-ala-col\">45 m\u00b2<\/td><td class=\"kayttovastike-col\"><\/td><td class=\"asumisoikeusmaksu-col\"><\/td><td><a href=\"https:\/\/aurinkoasot.fi\/sv\/b-6-kolmenkylantie-kirkkonummi-3\/\">L\u00e4s mer och l\u00e4mna en ans\u00f6kan till k\u00f6n<\/a><\/td><\/tr><tr><td class=\"asunto-col\"><a href=\"https:\/\/aurinkoasot.fi\/sv\/b-7-kolmenkylantie-kirkkonummi-3\/\">B 7 &#8211; Kolmenkyl\u00e4ntie, Kirkkonummi 3<\/a><\/td><td class=\"vapaa-col\"><\/td><td class=\"tyyppi-col\">4 h + k + sauna<\/td><td class=\"pinta-ala-col\">85 m\u00b2<\/td><td class=\"kayttovastike-col\"><\/td><td class=\"asumisoikeusmaksu-col\"><\/td><td><a href=\"https:\/\/aurinkoasot.fi\/sv\/b-7-kolmenkylantie-kirkkonummi-3\/\">L\u00e4s mer och l\u00e4mna en ans\u00f6kan till k\u00f6n<\/a><\/td><\/tr><tr><td class=\"asunto-col\"><a href=\"https:\/\/aurinkoasot.fi\/sv\/b-8-kolmenkylantie-kirkkonummi-3\/\">B 8 &#8211; Kolmenkyl\u00e4ntie, Kirkkonummi 3<\/a><\/td><td class=\"vapaa-col\"><\/td><td class=\"tyyppi-col\">4 h + k + sauna<\/td><td class=\"pinta-ala-col\">85 m\u00b2<\/td><td class=\"kayttovastike-col\"><\/td><td class=\"asumisoikeusmaksu-col\"><\/td><td><a href=\"https:\/\/aurinkoasot.fi\/sv\/b-8-kolmenkylantie-kirkkonummi-3\/\">L\u00e4s mer och l\u00e4mna en ans\u00f6kan till k\u00f6n<\/a><\/td><\/tr><tr><td class=\"asunto-col\"><a href=\"https:\/\/aurinkoasot.fi\/sv\/b-9-kolmenkylantie-kirkkonummi-3\/\">B 9 &#8211; Kolmenkyl\u00e4ntie, Kirkkonummi 3<\/a><\/td><td class=\"vapaa-col\"><\/td><td class=\"tyyppi-col\">3 h + k + sauna<\/td><td class=\"pinta-ala-col\">71 m\u00b2<\/td><td class=\"kayttovastike-col\"><\/td><td class=\"asumisoikeusmaksu-col\"><\/td><td><a href=\"https:\/\/aurinkoasot.fi\/sv\/b-9-kolmenkylantie-kirkkonummi-3\/\">L\u00e4s mer och l\u00e4mna en ans\u00f6kan till k\u00f6n<\/a><\/td><\/tr><\/table><p><i>*Besittningsr\u00e4ttsbetalningen p\u00e5 sidorna \u00e4r indicativ. Det exakta slutpriset fastst\u00e4lls alltid vid f\u00f6rs\u00e4ljningstillf\u00e4llet.<\/i><\/p>[\/et_pb_code][\/et_pb_column][\/et_pb_row][\/et_pb_section]<\/p>\n","protected":false},"excerpt":{"rendered":"<p>[et_pb_section fb_built=&#8221;1&#8243; module_class=&#8221;ylaboxi&#8221; _builder_version=&#8221;4.22.1&#8243; _module_preset=&#8221;default&#8221; background_image=&#8221;https:\/\/aurinkoasot.fi\/wp-content\/uploads\/Kirkkonummi-yla.png&#8221; global_colors_info=&#8221;{}&#8221;][et_pb_row _builder_version=&#8221;4.21.0&#8243; _module_preset=&#8221;default&#8221; global_colors_info=&#8221;{}&#8221;][et_pb_column type=&#8221;4_4&#8243; _builder_version=&#8221;4.21.0&#8243; _module_preset=&#8221;default&#8221; global_colors_info=&#8221;{}&#8221;][et_pb_text _builder_version=&#8221;4.21.0&#8243; _module_preset=&#8221;default&#8221; global_colors_info=&#8221;{}&#8221;] Kirkkonummi [\/et_pb_text][\/et_pb_column][\/et_pb_row][\/et_pb_section][et_pb_section fb_built=&#8221;1&#8243; module_id=&#8221;kirkkonummi1&#8243; _builder_version=&#8221;4.21.0&#8243; _module_preset=&#8221;default&#8221; global_colors_info=&#8221;{}&#8221;][et_pb_row _builder_version=&#8221;4.21.0&#8243; _module_preset=&#8221;default&#8221; global_colors_info=&#8221;{}&#8221;][et_pb_column type=&#8221;4_4&#8243; _builder_version=&#8221;4.21.0&#8243; _module_preset=&#8221;default&#8221; global_colors_info=&#8221;{}&#8221;][et_pb_text _builder_version=&#8221;4.22.1&#8243; _module_preset=&#8221;default&#8221; global_colors_info=&#8221;{}&#8221;] Mennink\u00e4isenrinne, Kirkkonummi 1 V\u00e4lkommen till Mennink\u00e4isenrinne i Laajakallio, Kirkkonummi! Denna fastighet erbjuder lugnt boende omgivet av natur, men med utm\u00e4rkta transportf\u00f6rbindelser. [&hellip;]<\/p>\n","protected":false},"author":1,"featured_media":0,"parent":0,"menu_order":0,"comment_status":"closed","ping_status":"closed","template":"","meta":{"_acf_changed":false,"_et_pb_use_builder":"on","_et_pb_old_content":"","_et_gb_content_width":"","footnotes":""},"class_list":["post-959","page","type-page","status-publish","hentry"],"acf":[],"_links":{"self":[{"href":"https:\/\/aurinkoasot.fi\/sv\/wp-json\/wp\/v2\/pages\/959","targetHints":{"allow":["GET"]}}],"collection":[{"href":"https:\/\/aurinkoasot.fi\/sv\/wp-json\/wp\/v2\/pages"}],"about":[{"href":"https:\/\/aurinkoasot.fi\/sv\/wp-json\/wp\/v2\/types\/page"}],"author":[{"embeddable":true,"href":"https:\/\/aurinkoasot.fi\/sv\/wp-json\/wp\/v2\/users\/1"}],"replies":[{"embeddable":true,"href":"https:\/\/aurinkoasot.fi\/sv\/wp-json\/wp\/v2\/comments?post=959"}],"version-history":[{"count":4,"href":"https:\/\/aurinkoasot.fi\/sv\/wp-json\/wp\/v2\/pages\/959\/revisions"}],"predecessor-version":[{"id":1008,"href":"https:\/\/aurinkoasot.fi\/sv\/wp-json\/wp\/v2\/pages\/959\/revisions\/1008"}],"wp:attachment":[{"href":"https:\/\/aurinkoasot.fi\/sv\/wp-json\/wp\/v2\/media?parent=959"}],"curies":[{"name":"wp","href":"https:\/\/api.w.org\/{rel}","templated":true}]}}