{"id":965,"date":"2023-07-18T19:36:29","date_gmt":"2023-07-18T16:36:29","guid":{"rendered":"https:\/\/aurinkoasot.fi\/tuusula\/"},"modified":"2024-01-30T14:19:42","modified_gmt":"2024-01-30T12:19:42","slug":"tuusula","status":"publish","type":"page","link":"https:\/\/aurinkoasot.fi\/sv\/tuusula\/","title":{"rendered":"Tuusula"},"content":{"rendered":"<p>[et_pb_section fb_built=&#8221;1&#8243; module_class=&#8221;ylaboxi&#8221; _builder_version=&#8221;4.22.1&#8243; _module_preset=&#8221;default&#8221; background_image=&#8221;https:\/\/aurinkoasot.fi\/wp-content\/uploads\/Tuusula-yla.png&#8221; global_colors_info=&#8221;{}&#8221;][et_pb_row _builder_version=&#8221;4.21.0&#8243; _module_preset=&#8221;default&#8221; global_colors_info=&#8221;{}&#8221;][et_pb_column type=&#8221;4_4&#8243; _builder_version=&#8221;4.21.0&#8243; _module_preset=&#8221;default&#8221; global_colors_info=&#8221;{}&#8221;][et_pb_text _builder_version=&#8221;4.21.0&#8243; _module_preset=&#8221;default&#8221; global_colors_info=&#8221;{}&#8221;]<\/p>\n<p>Tuusula<\/p>\n<p>[\/et_pb_text][\/et_pb_column][\/et_pb_row][\/et_pb_section][et_pb_section fb_built=&#8221;1&#8243; module_id=&#8221;kirkkonummi1&#8243; _builder_version=&#8221;4.21.0&#8243; _module_preset=&#8221;default&#8221; global_colors_info=&#8221;{}&#8221;][et_pb_row _builder_version=&#8221;4.21.0&#8243; _module_preset=&#8221;default&#8221; global_colors_info=&#8221;{}&#8221;][et_pb_column type=&#8221;4_4&#8243; _builder_version=&#8221;4.21.0&#8243; _module_preset=&#8221;default&#8221; global_colors_info=&#8221;{}&#8221;][et_pb_text _builder_version=&#8221;4.22.1&#8243; _module_preset=&#8221;default&#8221; global_colors_info=&#8221;{}&#8221;]<\/p>\n<h1>Tasaniityntie 5, Tuusula<\/h1>\n<p>I den utvecklande men \u00e4nd\u00e5 lugna milj\u00f6n i Lahela, Tuusula, hittar du radhusl\u00e4genheter p\u00e5 en och tv\u00e5 niv\u00e5er. Tillg\u00e4ngliga l\u00e4genheter varierar mellan 2-4 rum + k\u00f6k, var och en med egen bakg\u00e5rd och bastu. L\u00e4genheterna har luftv\u00e4rmepumpar, och som ett till\u00e4ggsalternativ finns det m\u00f6jlighet att installera en \u00f6ppen spis genom en \u00e4ndringsbeh\u00f6righet. Fastigheten byggdes 1998 och anv\u00e4nder elektrisk uppv\u00e4rmning. N\u00e4rliggande hittar du en f\u00f6rskola, skola och service station. V\u00e4lkommen att bo i en idyllisk landsbygdsmilj\u00f6![\/et_pb_text][et_pb_text _builder_version=&#8221;4.22.1&#8243; _module_preset=&#8221;default&#8221; hover_enabled=&#8221;0&#8243; global_colors_info=&#8221;{}&#8221; sticky_enabled=&#8221;0&#8243;]<\/p>\n<h4>Planritning<\/h4>\n<p><a href=\"https:\/\/aurinkoasot.fi\/wp-content\/uploads\/Tasaniityntie-5-Tuusula-A3-A5-1-krs-2.pdf\">Tasaniityntie 5, Tuusula &#8211; A3-A5 1 v\u00e5ning<\/a><\/p>\n<p><a href=\"https:\/\/aurinkoasot.fi\/wp-content\/uploads\/Tasaniityntie-5-Tuusula-A-2krs.pdf\">Tasaniityntie 5, Tuusula &#8211; A 2 v\u00e5ning<\/a><\/p>\n<p><a href=\"https:\/\/aurinkoasot.fi\/wp-content\/uploads\/Tasaniityntie-5-Tuusula-B.pdf\">Tasaniityntie 5, Tuusula &#8211; B<\/a>[\/et_pb_text][et_pb_gallery gallery_ids=&#8221;591,593,592&#8243; show_title_and_caption=&#8221;off&#8221; show_pagination=&#8221;off&#8221; _builder_version=&#8221;4.22.1&#8243; _module_preset=&#8221;default&#8221; global_colors_info=&#8221;{}&#8221;][\/et_pb_gallery][et_pb_code _builder_version=&#8221;4.22.1&#8243; _module_preset=&#8221;default&#8221; global_colors_info=&#8221;{}&#8221;]<table><tr><th class=\"asunto-col\">Bostad<\/th><th class=\"vapaa-col\">Ledig<\/th><th class=\"tyyppi-col\">Typ<\/th><th class=\"pinta_ala-col\">Areal (m2)<\/th><th class=\"kayttovastike-col\">Bruksvederlag \/ m\u00e5nad<\/th><th class=\"asumisoikeusmaksu-col\">Bostadsr\u00e4ttsavgift<\/th><th><\/th><\/tr><tr><td class=\"asunto-col\"><a href=\"https:\/\/aurinkoasot.fi\/sv\/a-1-tasaniityntie-5-tuusula\/\">A 1 &#8211; Tasaniityntie 5, Tuusula<\/a><\/td><td class=\"vapaa-col\"><span class=\"vapaa-label future-date\">Blir tillg\u00e4nglig<\/span> - 11\/06\/2026<\/td><td class=\"tyyppi-col\">4-5 h + k + sauna<\/td><td class=\"pinta-ala-col\">87 m\u00b2<\/td><td class=\"kayttovastike-col\">870.00 \u20ac<\/td><td class=\"asumisoikeusmaksu-col\">28975.11 \u20ac<\/td><td><a href=\"https:\/\/aurinkoasot.fi\/sv\/a-1-tasaniityntie-5-tuusula\/\">L\u00e4s mer och ans\u00f6k om denna l\u00e4genhet<\/a><\/td><\/tr><tr><td class=\"asunto-col\"><a href=\"https:\/\/aurinkoasot.fi\/sv\/a-2-tasaniityntie-5-tuusula\/\">A 2 &#8211; Tasaniityntie 5, Tuusula<\/a><\/td><td class=\"vapaa-col\"><\/td><td class=\"tyyppi-col\">2 h + k + sauna<\/td><td class=\"pinta-ala-col\">44 m\u00b2<\/td><td class=\"kayttovastike-col\"><\/td><td class=\"asumisoikeusmaksu-col\"><\/td><td><a href=\"https:\/\/aurinkoasot.fi\/sv\/a-2-tasaniityntie-5-tuusula\/\">L\u00e4s mer och l\u00e4mna en ans\u00f6kan till k\u00f6n<\/a><\/td><\/tr><tr><td class=\"asunto-col\"><a href=\"https:\/\/aurinkoasot.fi\/sv\/a-3-tasaniityntie-5-tuusula\/\">A 3 &#8211; Tasaniityntie 5, Tuusula<\/a><\/td><td class=\"vapaa-col\"><\/td><td class=\"tyyppi-col\">4-5 h + k + sauna<\/td><td class=\"pinta-ala-col\">87 m\u00b2<\/td><td class=\"kayttovastike-col\"><\/td><td class=\"asumisoikeusmaksu-col\"><\/td><td><a href=\"https:\/\/aurinkoasot.fi\/sv\/a-3-tasaniityntie-5-tuusula\/\">L\u00e4s mer och l\u00e4mna en ans\u00f6kan till k\u00f6n<\/a><\/td><\/tr><tr><td class=\"asunto-col\"><a href=\"https:\/\/aurinkoasot.fi\/sv\/a-4-tasaniityntie-5-tuusula\/\">A 4 &#8211; Tasaniityntie 5, Tuusula<\/a><\/td><td class=\"vapaa-col\"><\/td><td class=\"tyyppi-col\">4-5 h + k + sauna<\/td><td class=\"pinta-ala-col\">87 m\u00b2<\/td><td class=\"kayttovastike-col\"><\/td><td class=\"asumisoikeusmaksu-col\"><\/td><td><a href=\"https:\/\/aurinkoasot.fi\/sv\/a-4-tasaniityntie-5-tuusula\/\">L\u00e4s mer och l\u00e4mna en ans\u00f6kan till k\u00f6n<\/a><\/td><\/tr><tr><td class=\"asunto-col\"><a href=\"https:\/\/aurinkoasot.fi\/sv\/a-5-tasaniityntie-5-tuusula\/\">A 5 &#8211; Tasaniityntie 5, Tuusula<\/a><\/td><td class=\"vapaa-col\"><\/td><td class=\"tyyppi-col\">4-5 h + k + sauna<\/td><td class=\"pinta-ala-col\">87 m\u00b2<\/td><td class=\"kayttovastike-col\"><\/td><td class=\"asumisoikeusmaksu-col\"><\/td><td><a href=\"https:\/\/aurinkoasot.fi\/sv\/a-5-tasaniityntie-5-tuusula\/\">L\u00e4s mer och l\u00e4mna en ans\u00f6kan till k\u00f6n<\/a><\/td><\/tr><tr><td class=\"asunto-col\"><a href=\"https:\/\/aurinkoasot.fi\/sv\/b-6-tasaniityntie-5-tuusula\/\">B 6 &#8211; Tasaniityntie 5, Tuusula<\/a><\/td><td class=\"vapaa-col\"><\/td><td class=\"tyyppi-col\">3 h + k + sauna<\/td><td class=\"pinta-ala-col\">71 m\u00b2<\/td><td class=\"kayttovastike-col\"><\/td><td class=\"asumisoikeusmaksu-col\"><\/td><td><a href=\"https:\/\/aurinkoasot.fi\/sv\/b-6-tasaniityntie-5-tuusula\/\">L\u00e4s mer och l\u00e4mna en ans\u00f6kan till k\u00f6n<\/a><\/td><\/tr><tr><td class=\"asunto-col\"><a href=\"https:\/\/aurinkoasot.fi\/sv\/b-7-tasaniityntie-5-tuusula\/\">B 7 &#8211; Tasaniityntie 5, Tuusula<\/a><\/td><td class=\"vapaa-col\"><\/td><td class=\"tyyppi-col\">3 h + k + sauna<\/td><td class=\"pinta-ala-col\">71 m\u00b2<\/td><td class=\"kayttovastike-col\"><\/td><td class=\"asumisoikeusmaksu-col\"><\/td><td><a href=\"https:\/\/aurinkoasot.fi\/sv\/b-7-tasaniityntie-5-tuusula\/\">L\u00e4s mer och l\u00e4mna en ans\u00f6kan till k\u00f6n<\/a><\/td><\/tr><tr><td class=\"asunto-col\"><a href=\"https:\/\/aurinkoasot.fi\/sv\/b-8-tasaniityntie-5-tuusula\/\">B 8 &#8211; Tasaniityntie 5, Tuusula<\/a><\/td><td class=\"vapaa-col\"><\/td><td class=\"tyyppi-col\">3 h + k + sauna<\/td><td class=\"pinta-ala-col\">71 m\u00b2<\/td><td class=\"kayttovastike-col\"><\/td><td class=\"asumisoikeusmaksu-col\"><\/td><td><a href=\"https:\/\/aurinkoasot.fi\/sv\/b-8-tasaniityntie-5-tuusula\/\">L\u00e4s mer och l\u00e4mna en ans\u00f6kan till k\u00f6n<\/a><\/td><\/tr><tr><td class=\"asunto-col\"><a href=\"https:\/\/aurinkoasot.fi\/sv\/b-9-tasaniityntie-5-tuusula\/\">B 9 &#8211; Tasaniityntie 5, Tuusula<\/a><\/td><td class=\"vapaa-col\"><\/td><td class=\"tyyppi-col\">3 h + k + sauna<\/td><td class=\"pinta-ala-col\">71 m\u00b2<\/td><td class=\"kayttovastike-col\"><\/td><td class=\"asumisoikeusmaksu-col\"><\/td><td><a href=\"https:\/\/aurinkoasot.fi\/sv\/b-9-tasaniityntie-5-tuusula\/\">L\u00e4s mer och l\u00e4mna en ans\u00f6kan till k\u00f6n<\/a><\/td><\/tr><\/table><p><i>*Besittningsr\u00e4ttsbetalningen p\u00e5 sidorna \u00e4r indicativ. Det exakta slutpriset fastst\u00e4lls alltid vid f\u00f6rs\u00e4ljningstillf\u00e4llet.<\/i><\/p>[\/et_pb_code][\/et_pb_column][\/et_pb_row][\/et_pb_section]<\/p>\n","protected":false},"excerpt":{"rendered":"<p>[et_pb_section fb_built=&#8221;1&#8243; module_class=&#8221;ylaboxi&#8221; _builder_version=&#8221;4.22.1&#8243; _module_preset=&#8221;default&#8221; background_image=&#8221;https:\/\/aurinkoasot.fi\/wp-content\/uploads\/Tuusula-yla.png&#8221; global_colors_info=&#8221;{}&#8221;][et_pb_row _builder_version=&#8221;4.21.0&#8243; _module_preset=&#8221;default&#8221; global_colors_info=&#8221;{}&#8221;][et_pb_column type=&#8221;4_4&#8243; _builder_version=&#8221;4.21.0&#8243; _module_preset=&#8221;default&#8221; global_colors_info=&#8221;{}&#8221;][et_pb_text _builder_version=&#8221;4.21.0&#8243; _module_preset=&#8221;default&#8221; global_colors_info=&#8221;{}&#8221;] Tuusula [\/et_pb_text][\/et_pb_column][\/et_pb_row][\/et_pb_section][et_pb_section fb_built=&#8221;1&#8243; module_id=&#8221;kirkkonummi1&#8243; _builder_version=&#8221;4.21.0&#8243; _module_preset=&#8221;default&#8221; global_colors_info=&#8221;{}&#8221;][et_pb_row _builder_version=&#8221;4.21.0&#8243; _module_preset=&#8221;default&#8221; global_colors_info=&#8221;{}&#8221;][et_pb_column type=&#8221;4_4&#8243; _builder_version=&#8221;4.21.0&#8243; _module_preset=&#8221;default&#8221; global_colors_info=&#8221;{}&#8221;][et_pb_text _builder_version=&#8221;4.22.1&#8243; _module_preset=&#8221;default&#8221; global_colors_info=&#8221;{}&#8221;] Tasaniityntie 5, Tuusula I den utvecklande men \u00e4nd\u00e5 lugna milj\u00f6n i Lahela, Tuusula, hittar du radhusl\u00e4genheter p\u00e5 en och tv\u00e5 niv\u00e5er. [&hellip;]<\/p>\n","protected":false},"author":1,"featured_media":0,"parent":0,"menu_order":0,"comment_status":"closed","ping_status":"closed","template":"","meta":{"_acf_changed":false,"_et_pb_use_builder":"on","_et_pb_old_content":"","_et_gb_content_width":"","footnotes":""},"class_list":["post-965","page","type-page","status-publish","hentry"],"acf":[],"_links":{"self":[{"href":"https:\/\/aurinkoasot.fi\/sv\/wp-json\/wp\/v2\/pages\/965","targetHints":{"allow":["GET"]}}],"collection":[{"href":"https:\/\/aurinkoasot.fi\/sv\/wp-json\/wp\/v2\/pages"}],"about":[{"href":"https:\/\/aurinkoasot.fi\/sv\/wp-json\/wp\/v2\/types\/page"}],"author":[{"embeddable":true,"href":"https:\/\/aurinkoasot.fi\/sv\/wp-json\/wp\/v2\/users\/1"}],"replies":[{"embeddable":true,"href":"https:\/\/aurinkoasot.fi\/sv\/wp-json\/wp\/v2\/comments?post=965"}],"version-history":[{"count":6,"href":"https:\/\/aurinkoasot.fi\/sv\/wp-json\/wp\/v2\/pages\/965\/revisions"}],"predecessor-version":[{"id":1379,"href":"https:\/\/aurinkoasot.fi\/sv\/wp-json\/wp\/v2\/pages\/965\/revisions\/1379"}],"wp:attachment":[{"href":"https:\/\/aurinkoasot.fi\/sv\/wp-json\/wp\/v2\/media?parent=965"}],"curies":[{"name":"wp","href":"https:\/\/api.w.org\/{rel}","templated":true}]}}