{"id":985,"date":"2023-07-03T05:45:02","date_gmt":"2023-07-03T02:45:02","guid":{"rendered":"https:\/\/aurinkoasot.fi\/integritetspolicy\/"},"modified":"2023-08-31T11:56:07","modified_gmt":"2023-08-31T08:56:07","slug":"integritetspolicy","status":"publish","type":"page","link":"https:\/\/aurinkoasot.fi\/sv\/integritetspolicy\/","title":{"rendered":"Integritetspolicy"},"content":{"rendered":"\n<p>Vi str\u00e4var efter att f\u00f6rst\u00e5 v\u00e5ra tj\u00e4nsters anv\u00e4ndares behov, och d\u00e4rf\u00f6r samlar vi in information om v\u00e5ra anv\u00e4ndare, till exempel om deras beteende p\u00e5 v\u00e5r webbtj\u00e4nst. Webbtj\u00e4nsten \u00e4r \u00f6ppen f\u00f6r alla, och det \u00e4r inte n\u00f6dv\u00e4ndigt att registrera sig f\u00f6r att bl\u00e4ddra p\u00e5 sidorna. P\u00e5 webbplatsen kan det ocks\u00e5 finnas en sektion som kr\u00e4ver s\u00e4rskild inloggning.  <\/p>\n\n<p>I denna integritetspolicy beskriver vi vilken personlig information vi kan samla in fr\u00e5n dig n\u00e4r du anv\u00e4nder v\u00e5ra tj\u00e4nster eller tar kontakt med oss via v\u00e5r webbtj\u00e4nst (nedan \u201dTj\u00e4nst\u201d). Vi beskriver ocks\u00e5 f\u00f6r vilka \u00e4ndam\u00e5l vi eventuellt kan anv\u00e4nda denna information. <\/p>\n\n<p>Genom att anv\u00e4nda v\u00e5r Tj\u00e4nst godk\u00e4nner du att dina uppgifter behandlas enligt denna integritetspolicy. Vi kan \u00e4ndra denna integritetspolicy genom att publicera en ny version online. Fortsatt anv\u00e4ndning av webbplatsen och relaterade tj\u00e4nster efter publicering av en ny version anses vara ett godk\u00e4nnande av de \u00e4ndrade villkoren.  <\/p>\n\n<p><strong>Insamling av information<\/strong><\/p>\n\n<p>F\u00f6ljande uppgifter samlas in i registret:<\/p>\n\n<p>&#8211; IP-adress<\/p>\n\n<p>\u2013 Mjukvara och h\u00e5rdvaruinformation<\/p>\n\n<p>\u2013 Information insamlad via cookies<\/p>\n\n<p>\u2013 Annan information insamlad med kundens samtycke<\/p>\n\n<p><strong>Information vi samlar in fr\u00e5n v\u00e5r webbtj\u00e4nst<\/strong><\/p>\n\n<p>Vi lagrar i v\u00e5rt register information som du har l\u00e4mnat via kontaktformul\u00e4ret p\u00e5 Tj\u00e4nsten. Om man \u00f6nskar ett svar p\u00e5 feedback som skickats via ett feedbackformul\u00e4r eller e-post, b\u00f6r feedbacken skickas med kontaktinformation. Meddelanden skickade via kontaktformul\u00e4ret arkiveras i Tj\u00e4nsten.  <\/p>\n\n<p>Det b\u00f6r noteras av de som skickar feedback som inneh\u00e5ller personuppgifter att s\u00e4kerheten f\u00f6r ett oskyddat feedbackformul\u00e4r eller e-postmeddelande \u00e4r l\u00e5g och att datasekretess och skydd inte kan garanteras fullt ut. Detta b\u00f6r s\u00e4rskilt beaktas n\u00e4r det g\u00e4ller information som \u00e4r k\u00e4nslig ur ett integritetsperspektiv. <\/p>\n\n<p><strong>Registrets \u00e4ndam\u00e5l<\/strong><\/p>\n\n<p>Registret anv\u00e4nds i enlighet med dataskyddslagen f\u00f6r att hantera och utveckla kundrelationer samt f\u00f6r att producera, utveckla och underh\u00e5lla Tj\u00e4nsten. Vi kan ocks\u00e5 anv\u00e4nda registret f\u00f6r att informera om v\u00e5ra olika tj\u00e4nster och f\u00f6r fakturerings\u00e4ndam\u00e5l. Genom att samla in personuppgifter kan vi ocks\u00e5 skicka dig riktade marknadsf\u00f6rings- eller kundmeddelanden. Om du dock inte vill f\u00e5 meddelanden kan du n\u00e4r som helst meddela registrets administrat\u00f6r.   <\/p>\n\n<p><strong>Utl\u00e4mning av uppgifter<\/strong><\/p>\n\n<p>Kanta-Suomi Bostadsr\u00e4ttsf\u00f6rening s\u00e4ljer, byter eller \u00f6verf\u00f6r inte dina identifierbara uppgifter till tredje part. Detta inkluderar inte p\u00e5litliga tredje parter som hj\u00e4lper oss att underh\u00e5lla v\u00e5r webbplats eller att utf\u00f6ra v\u00e5r verksamhet. \u00c4ven tredje part m\u00e5ste h\u00e5lla informationen konfidentiell. Vi tror att det \u00e4r n\u00f6dv\u00e4ndigt att dela information n\u00e4r m\u00e5let \u00e4r att unders\u00f6ka, f\u00f6rhindra eller p\u00e5 annat s\u00e4tt hantera olaglig verksamhet, misstankar om bedr\u00e4geri eller situationer som potentiellt kan hota n\u00e5gons fysiska s\u00e4kerhet, bryta mot v\u00e5ra anv\u00e4ndarvillkor eller i andra situationer som kr\u00e4vs enligt lag.   <\/p>\n\n<p><strong>\u00d6verf\u00f6rs mina uppgifter utanf\u00f6r EU?<\/strong><\/p>\n\n<p>Dina personuppgifter \u00f6verf\u00f6rs i princip inte utanf\u00f6r EU. Eventuella \u00f6verf\u00f6ringar utanf\u00f6r EU g\u00e4ller endast situationer d\u00e4r de system vi anv\u00e4nder har servrar utanf\u00f6r EU. Om detta skulle h\u00e4nda, ser vi till att behandling, \u00f6verf\u00f6ring och lagring av dina uppgifter genomf\u00f6rs enligt lagens krav och med tillr\u00e4ckliga skydds\u00e5tg\u00e4rder.  <\/p>\n\n<p><strong>Hur l\u00e4nge lagras mina personuppgifter?<\/strong><\/p>\n\n<p>Vi lagrar inte dina personuppgifter l\u00e4ngre \u00e4n n\u00f6dv\u00e4ndigt f\u00f6r deras \u00e4ndam\u00e5l eller \u00e4n vad ett avtal eller lag kr\u00e4ver. Lagringstiderna f\u00f6r personuppgifter kan dock variera beroende p\u00e5 \u00e4ndam\u00e5l och situation. Efter att avtalet har avslutats tar vi bort personuppgifterna fr\u00e5n v\u00e5ra system. Vi str\u00e4var ocks\u00e5 efter att uppdatera din information regelbundet. Uppgifter insamlade av Google Analytics om bes\u00f6kare p\u00e5 v\u00e5r webbplats lagras i 14 m\u00e5nader, varefter de automatiskt raderas fr\u00e5n Googles servrar.    <\/p>\n\n<p><strong>Skydd av registret<\/strong><\/p>\n\n<p>Registret \u00e4r skyddat mot anv\u00e4ndning av utomst\u00e5ende och tillg\u00e5ngen till registret \u00e4r skyddad med personliga anv\u00e4ndarnamn och l\u00f6senord. Anv\u00e4ndarna \u00e4r bundna av sekretess. Endast anst\u00e4llda vid Kanta-Suomi Bostadsr\u00e4ttsf\u00f6rening och Trival Oy, som producerar Kanta-Suomi Bostadsr\u00e4ttsf\u00f6renings webbtj\u00e4nst, har tillg\u00e5ng till registret. Anst\u00e4llda \u00e4r bundna av tystnadsplikt.   <\/p>\n\n<p><strong>Kakor<\/strong><\/p>\n\n<p>Kakor (cookies) \u00e4r sm\u00e5 identifierare som sparas p\u00e5 bes\u00f6karens dator \/ enhet n\u00e4r bes\u00f6karen bes\u00f6ker en webbplats. V\u00e5r tj\u00e4nst anv\u00e4nder cookies f\u00f6r att vi ska kunna erbjuda v\u00e5r tj\u00e4nst s\u00e5 anv\u00e4ndarv\u00e4nlig och kvalitativ som m\u00f6jligt. <\/p>\n\n<p>Here&#8217;s the translated text from Finnish to Swedish: Kakor Kakor (cookies) \u00e4r sm\u00e5 identifierare som sparas p\u00e5 bes\u00f6karens dator \/ enhet n\u00e4r bes\u00f6karen bes\u00f6ker en webbplats. V\u00e5r tj\u00e4nst anv\u00e4nder cookies f\u00f6r att vi ska kunna erbjuda v\u00e5r tj\u00e4nst s\u00e5 anv\u00e4ndarv\u00e4nlig och kvalitativ som m\u00f6jligt. Information om tj\u00e4nstens anv\u00e4ndning kan samlas in, s\u00e5som antalet bes\u00f6kare, de mest popul\u00e4ra sidorna, ing\u00e5ngssidor, utg\u00e5ngssidor eller annan liknande information. Google Analytics kan anv\u00e4ndas i tj\u00e4nsten f\u00f6r att samla in statistisk information. Google kan \u00f6verl\u00e4mna information till tredje part om lagen s\u00e5 kr\u00e4ver. Googles sekretesspolicy finns p\u00e5 <a href=\"http:\/\/www.google.fi\/policies\/privacy\/\">http:\/\/www.google.fi\/policies\/privacy\/<\/a>   <\/p>\n\n<p>Genom att anv\u00e4nda v\u00e5r tj\u00e4nst samtycker bes\u00f6karen till att \u00f6verl\u00e4mna den information som anges ovan till Google. Om du inte vill att tj\u00e4nsten ska f\u00e5 information via cookies kan du f\u00f6rbjuda cookies i webbl\u00e4sarens inst\u00e4llningar. De flesta webbl\u00e4sare till\u00e5ter att anv\u00e4ndningen av cookies blockeras. Att blockera anv\u00e4ndningen av cookies kan p\u00e5verka tj\u00e4nstens funktion, och vi kan d\u00e4rf\u00f6r inte garantera tj\u00e4nstens felfria funktion utan att acceptera anv\u00e4ndningen av cookies.   <\/p>\n\n<p><strong>Sociala medier-plugins<\/strong><\/p>\n\n<p>V\u00e5r tj\u00e4nst kan ha l\u00e4nkar till eller anslutningar till tredje parts webbplatser samt sociala medier-plugins (t.ex. Youtube, Vimeo, AddThis, Twitter, Facebook, Instagram, LinkedIn). Anv\u00e4ndning av sociala medier-plugins kan skicka identifierbar information till dessa sociala medier-tj\u00e4nsteleverant\u00f6rer. N\u00e4r du \u00f6ppnar en plugin kan du till\u00e5ta att tredje parts webbplatsens cookies sparas p\u00e5 din dator, vilket g\u00f6r att dessa administrat\u00f6rer kan f\u00f6lja sidans anv\u00e4ndning om du \u00e4r inloggad p\u00e5 den sociala medietj\u00e4nsten. Tj\u00e4nster som tillhandah\u00e5lls av tredje part eller applikationer f\u00f6rmedlade av tredje part p\u00e5 v\u00e5r tj\u00e4nst lyder under tredje parts anv\u00e4ndarvillkor. Tj\u00e4nstens administrat\u00f6r har ingen kontroll \u00f6ver s\u00e5dana tredjeparts webbplatser och \u00e4r inte ansvarig f\u00f6r n\u00e5got material som publiceras d\u00e4r eller deras anv\u00e4ndning.    <\/p>\n\n<p><strong>Bes\u00f6karens r\u00e4ttigheter<\/strong><\/p>\n\n<p><em>\u00c5terkallande av samtycke<\/em><\/p>\n\n<p>Om vi behandlar dina uppgifter baserat p\u00e5 ditt samtycke kan du n\u00e4r som helst \u00e5terkalla detta samtycke genom att meddela oss, till exempel genom att skicka e-post till registeradministrat\u00f6ren.<\/p>\n\n<p><em>\u00c5tkomst till information<\/em><\/p>\n\n<p>Du har r\u00e4tt att f\u00e5 bekr\u00e4ftelse fr\u00e5n oss om vi behandlar personuppgifter som r\u00f6r dig, samt f\u00e5 reda p\u00e5 vilka personuppgifter vi behandlar om dig. Dessutom har du r\u00e4tt att f\u00e5 ytterligare information om grunderna f\u00f6r behandlingen av dina personuppgifter. <\/p>\n\n<p><em>R\u00e4tt att korrigera fel<\/em><\/p>\n\n<p>Du har r\u00e4tt att beg\u00e4ra att vi korrigerar felaktiga, f\u00f6r\u00e5ldrade eller p\u00e5 annat s\u00e4tt bristf\u00e4lliga personuppgifter som r\u00f6r dig.<\/p>\n\n<p><em>R\u00e4tt att f\u00f6rbjuda direktmarknadsf\u00f6ring<\/em><\/p>\n\n<p>Du kan f\u00f6rbjuda behandling av dina personuppgifter f\u00f6r direktmarknadsf\u00f6ring genom att skicka e-post till registeradministrat\u00f6ren..<\/p>\n\n<p><em>R\u00e4tt att mots\u00e4tta sig behandling<\/em><\/p>\n\n<p>Om vi behandlar dina personuppgifter baserat p\u00e5 allm\u00e4nhetens intresse eller ett legitimt intresse, har du r\u00e4tt att mots\u00e4tta dig behandling av dina personuppgifter i den m\u00e5n det inte finns n\u00e5got betydande sk\u00e4l f\u00f6r behandlingen som skulle upph\u00e4va dina r\u00e4ttigheter, eller behandlingen \u00e4r n\u00f6dv\u00e4ndig f\u00f6r att hantera ett juridiskt krav. Observera att vi sannolikt inte kommer att kunna betj\u00e4na dig i detta fall. <\/p>\n\n<p><em>R\u00e4tt att begr\u00e4nsa behandlingen<\/em><\/p>\n\n<p>I vissa situationer har du r\u00e4tt att kr\u00e4va att vi begr\u00e4nsar behandlingen av dina personuppgifter.<\/p>\n\n<p><em>R\u00e4tt till dataportabilitet<\/em><\/p>\n\n<p>Om vi har behandlat dina uppgifter baserat p\u00e5 ditt samtycke eller f\u00f6r att uppfylla ett avtal, har du r\u00e4tt att f\u00e5 den information du har l\u00e4mnat till oss i ett allm\u00e4nt anv\u00e4nd format, s\u00e5 att informationen kan \u00f6verf\u00f6ras till en annan tj\u00e4nsteleverant\u00f6r.<\/p>\n\n<p><strong>Hur kan jag ut\u00f6va mina r\u00e4ttigheter?<\/strong><\/p>\n\n<p>Du kan ut\u00f6va dina r\u00e4ttigheter som beskrivs ovan genom att kontakta oss, till exempel genom att skicka e-post till registeradministrat\u00f6ren. Vi ber dig att ange ditt namn, adress och telefonnummer samt inkludera en kopia av ditt pass, k\u00f6rkort eller annan legitimation s\u00e5 att vi kan verifiera din identitet. Om du anser att behandlingen av dina personuppgifter inte \u00e4r laglig kan du \u00e4ven l\u00e4mna in ett klagom\u00e5l till den beh\u00f6riga tillsynsmyndigheten.  <\/p>\n\n<p><strong>Registerinformation<\/strong><\/p>\n\n<p>Register namn: KS Asumisoikeuden asiakasrekisteri<\/p>\n\n<p>Registerf\u00f6rare: Kanta-Suomen Asumisoikeusyhdistys<\/p>\n\n<p>Kontakt f\u00f6r register\u00e4renden: hallinto@ksasumisoikeus.fi<\/p>\n\n<p><strong>\u00c4ndringar i integritetspolicy<\/strong><\/p>\n\n<p>Vi uppdaterar v\u00e5r integritetspolicy och f\u00f6r\u00e4ndringarna p\u00e5 v\u00e5r webbplats.<\/p>\n\n<p>Integritetspolicy uppdaterades den 25.5.2018.<\/p>\n","protected":false},"excerpt":{"rendered":"<p>Vi str\u00e4var efter att f\u00f6rst\u00e5 v\u00e5ra tj\u00e4nsters anv\u00e4ndares behov, och d\u00e4rf\u00f6r samlar vi in information om v\u00e5ra anv\u00e4ndare, till exempel om deras beteende p\u00e5 v\u00e5r webbtj\u00e4nst. Webbtj\u00e4nsten \u00e4r \u00f6ppen f\u00f6r alla, och det \u00e4r inte n\u00f6dv\u00e4ndigt att registrera sig f\u00f6r att bl\u00e4ddra p\u00e5 sidorna. P\u00e5 webbplatsen kan det ocks\u00e5 finnas en sektion som kr\u00e4ver s\u00e4rskild [&hellip;]<\/p>\n","protected":false},"author":1,"featured_media":0,"parent":0,"menu_order":0,"comment_status":"closed","ping_status":"closed","template":"","meta":{"_acf_changed":false,"_et_pb_use_builder":"on","_et_pb_old_content":"","_et_gb_content_width":"","footnotes":""},"class_list":["post-985","page","type-page","status-publish","hentry"],"acf":[],"_links":{"self":[{"href":"https:\/\/aurinkoasot.fi\/sv\/wp-json\/wp\/v2\/pages\/985","targetHints":{"allow":["GET"]}}],"collection":[{"href":"https:\/\/aurinkoasot.fi\/sv\/wp-json\/wp\/v2\/pages"}],"about":[{"href":"https:\/\/aurinkoasot.fi\/sv\/wp-json\/wp\/v2\/types\/page"}],"author":[{"embeddable":true,"href":"https:\/\/aurinkoasot.fi\/sv\/wp-json\/wp\/v2\/users\/1"}],"replies":[{"embeddable":true,"href":"https:\/\/aurinkoasot.fi\/sv\/wp-json\/wp\/v2\/comments?post=985"}],"version-history":[{"count":1,"href":"https:\/\/aurinkoasot.fi\/sv\/wp-json\/wp\/v2\/pages\/985\/revisions"}],"predecessor-version":[{"id":986,"href":"https:\/\/aurinkoasot.fi\/sv\/wp-json\/wp\/v2\/pages\/985\/revisions\/986"}],"wp:attachment":[{"href":"https:\/\/aurinkoasot.fi\/sv\/wp-json\/wp\/v2\/media?parent=985"}],"curies":[{"name":"wp","href":"https:\/\/api.w.org\/{rel}","templated":true}]}}